{"id":9821,"date":"2024-02-22T14:42:43","date_gmt":"2024-02-22T17:42:43","guid":{"rendered":"https:\/\/boring-leavitt.34-215-183-242.plesk.page\/?page_id=9821"},"modified":"2024-02-22T16:29:15","modified_gmt":"2024-02-22T19:29:15","slug":"javier-mirabal","status":"publish","type":"page","link":"https:\/\/boring-leavitt.34-215-183-242.plesk.page\/pt-br\/our-team\/javier-mirabal\/","title":{"rendered":"Javier Mirabal"},"content":{"rendered":"\n<style type=\"text\/css\" data-created_by=\"avia_inline_auto\" id=\"style-css-av-lsfp7ku8-334f6b5ecd5b21728175ab99826e6363\">\n.avia-section.av-lsfp7ku8-334f6b5ecd5b21728175ab99826e6363{\nbackground-color:rgba(78,202,194,0.2);\nbackground-image:unset;\n}\n<\/style>\n<div id='av_section_1'  class='avia-section av-lsfp7ku8-334f6b5ecd5b21728175ab99826e6363 main_color avia-section-default avia-no-border-styling  avia-builder-el-0  avia-builder-el-no-sibling  avia-bg-style-scroll av-minimum-height av-minimum-height-100 av-height-100  container_wrap sidebar_right'   data-av_minimum_height_pc='100' data-av_min_height_opt='100'><div class='container av-section-cont-open' ><main  role=\"main\" itemprop=\"mainContentOfPage\"  class='template-page content  av-content-small alpha units'><div class='post-entry post-entry-type-page post-entry-9821'><div class='entry-content-wrapper clearfix'>\n<div  class='flex_column av-3nbzxq-52776bce640321952edd6f2b111ed739 av_two_fifth  avia-builder-el-1  el_before_av_three_fifth  avia-builder-el-first  first flex_column_div  '     ><p><br \/>\n<section  class='av_textblock_section av-lsfpa30q-d777d9358a0415bf6575eff474b32667 '   itemscope=\"itemscope\" itemtype=\"https:\/\/schema.org\/CreativeWork\" ><div class='avia_textblock'  itemprop=\"text\" ><h3><strong><span style=\"color: #008d86;\">Javier Mirabal<\/span><\/strong><\/h3>\n<p><strong>Diretor<\/strong><\/p>\n<\/div><\/section><\/p><\/div><div  class='flex_column av-2jeo3y-23345847c10c48e49bbad27e917f2509 av_three_fifth  avia-builder-el-4  el_after_av_two_fifth  avia-builder-el-last  flex_column_div  '     ><p>\n<style type=\"text\/css\" data-created_by=\"avia_inline_auto\" id=\"style-css-av-lsfpawlj-14a6c487d63403dcb6d54e9aa536daf3\">\n#top .av_textblock_section.av-lsfpawlj-14a6c487d63403dcb6d54e9aa536daf3 .avia_textblock{\nfont-size:14px;\n}\n<\/style>\n<section  class='av_textblock_section av-lsfpawlj-14a6c487d63403dcb6d54e9aa536daf3 '   itemscope=\"itemscope\" itemtype=\"https:\/\/schema.org\/CreativeWork\" ><div class='avia_textblock'  itemprop=\"text\" ><p>A filosofia de nossa empresa \u00e9 baseada no princ\u00edpio de que o risco \u00e9 um elemento natural que faz parte do modelo de neg\u00f3cios das organiza\u00e7\u00f5es. Como esse risco \u00e9 gerenciado decidir\u00e1 a contribui\u00e7\u00e3o feita ao modelo de cria\u00e7\u00e3o de valor que as organiza\u00e7\u00f5es adotam.<\/p>\n<p>\u00c9 por essa raz\u00e3o que o risco n\u00e3o \u00e9 apenas visto de um ponto de vista negativo, porque, dependendo de como \u00e9 gerenciado, pode gerar oportunidades que podem ser traduzidas em vantagem competitiva. A Mirabal Risk Management trabalha em estreita colabora\u00e7\u00e3o com os clientes para otimizar seu gerenciamento de risco e, assim, ser capaz de fornecer o mais alto n\u00edvel de valor agregado \u00e0 sua organiza\u00e7\u00e3o.<\/p>\n<\/div><\/section><br \/>\n\n<style type=\"text\/css\" data-created_by=\"avia_inline_auto\" id=\"style-css-av-lsfpmjha-3dbbcd615af6a3f771b05d406332a73e\">\n#top .av_textblock_section.av-lsfpmjha-3dbbcd615af6a3f771b05d406332a73e .avia_textblock{\nfont-size:14px;\n}\n<\/style>\n<section  class='av_textblock_section av-lsfpmjha-3dbbcd615af6a3f771b05d406332a73e '   itemscope=\"itemscope\" itemtype=\"https:\/\/schema.org\/CreativeWork\" ><div class='avia_textblock'  itemprop=\"text\" ><p><img loading=\"lazy\" decoding=\"async\" class=\"alignleft wp-image-8625\" src=\"https:\/\/boring-leavitt.34-215-183-242.plesk.page\/wp-content\/uploads\/2024\/01\/mail-icon.png\" alt=\"\" width=\"18\" height=\"18\" \/><a href=\"mailto:mirabal.risk@rcgherco.com\">mirabal.risk@rcgherco.com<\/a><\/p>\n<p><img loading=\"lazy\" decoding=\"async\" class=\"alignleft wp-image-8628\" src=\"https:\/\/boring-leavitt.34-215-183-242.plesk.page\/wp-content\/uploads\/2024\/01\/botao-de-simbolo-de-telefone.png\" alt=\"\" width=\"18\" height=\"18\" \/> <strong><a href=\"tel:+1 (713) 302-8875\">+1 (713) 302-8875<\/a><\/strong><\/p>\n<\/div><\/section><\/p><\/div><\/div><\/div><\/main><!-- close content main element --><\/div><\/div><div id='after_section_1'  class='main_color av_default_container_wrap container_wrap sidebar_right'  ><div class='container av-section-cont-open' ><div class='template-page content  av-content-small alpha units'><div class='post-entry post-entry-type-page post-entry-9821'><div class='entry-content-wrapper clearfix'>\n","protected":false},"excerpt":{"rendered":"","protected":false},"author":4,"featured_media":0,"parent":2270,"menu_order":0,"comment_status":"closed","ping_status":"closed","template":"","meta":{"content-type":"","om_disable_all_campaigns":false,"_monsterinsights_skip_tracking":false,"_monsterinsights_sitenote_active":false,"_monsterinsights_sitenote_note":"","_monsterinsights_sitenote_category":0,"_uf_show_specific_survey":0,"_uf_disable_surveys":false,"_vp_format_video_url":"","_vp_image_focal_point":[],"footnotes":""},"class_list":["post-9821","page","type-page","status-publish","hentry"],"aioseo_notices":[],"_links":{"self":[{"href":"https:\/\/boring-leavitt.34-215-183-242.plesk.page\/pt-br\/wp-json\/wp\/v2\/pages\/9821","targetHints":{"allow":["GET"]}}],"collection":[{"href":"https:\/\/boring-leavitt.34-215-183-242.plesk.page\/pt-br\/wp-json\/wp\/v2\/pages"}],"about":[{"href":"https:\/\/boring-leavitt.34-215-183-242.plesk.page\/pt-br\/wp-json\/wp\/v2\/types\/page"}],"author":[{"embeddable":true,"href":"https:\/\/boring-leavitt.34-215-183-242.plesk.page\/pt-br\/wp-json\/wp\/v2\/users\/4"}],"replies":[{"embeddable":true,"href":"https:\/\/boring-leavitt.34-215-183-242.plesk.page\/pt-br\/wp-json\/wp\/v2\/comments?post=9821"}],"version-history":[{"count":8,"href":"https:\/\/boring-leavitt.34-215-183-242.plesk.page\/pt-br\/wp-json\/wp\/v2\/pages\/9821\/revisions"}],"predecessor-version":[{"id":9885,"href":"https:\/\/boring-leavitt.34-215-183-242.plesk.page\/pt-br\/wp-json\/wp\/v2\/pages\/9821\/revisions\/9885"}],"up":[{"embeddable":true,"href":"https:\/\/boring-leavitt.34-215-183-242.plesk.page\/pt-br\/wp-json\/wp\/v2\/pages\/2270"}],"wp:attachment":[{"href":"https:\/\/boring-leavitt.34-215-183-242.plesk.page\/pt-br\/wp-json\/wp\/v2\/media?parent=9821"}],"curies":[{"name":"wp","href":"https:\/\/api.w.org\/{rel}","templated":true}]}}