{"id":9571,"date":"2024-02-10T05:11:14","date_gmt":"2024-02-10T08:11:14","guid":{"rendered":"https:\/\/boring-leavitt.34-215-183-242.plesk.page\/our-team\/jorge-luzzi\/"},"modified":"2024-02-22T17:37:26","modified_gmt":"2024-02-22T20:37:26","slug":"jorge-luzzi","status":"publish","type":"page","link":"https:\/\/boring-leavitt.34-215-183-242.plesk.page\/pt-br\/our-team\/jorge-luzzi\/","title":{"rendered":"Jorge Luzzi"},"content":{"rendered":"\n<style type=\"text\/css\" data-created_by=\"avia_inline_auto\" id=\"style-css-av-lsfp7ku8-334f6b5ecd5b21728175ab99826e6363\">\n.avia-section.av-lsfp7ku8-334f6b5ecd5b21728175ab99826e6363{\nbackground-color:rgba(78,202,194,0.2);\nbackground-image:unset;\n}\n<\/style>\n<div id='av_section_1'  class='avia-section av-lsfp7ku8-334f6b5ecd5b21728175ab99826e6363 main_color avia-section-default avia-no-border-styling  avia-builder-el-0  avia-builder-el-no-sibling  avia-bg-style-scroll av-minimum-height av-minimum-height-100 av-height-100  container_wrap sidebar_right'   data-av_minimum_height_pc='100' data-av_min_height_opt='100'><div class='container av-section-cont-open' ><main  role=\"main\" itemprop=\"mainContentOfPage\"  class='template-page content  av-content-small alpha units'><div class='post-entry post-entry-type-page post-entry-9571'><div class='entry-content-wrapper clearfix'>\n<div  class='flex_column av-3nbzxq-52776bce640321952edd6f2b111ed739 av_two_fifth  avia-builder-el-1  el_before_av_three_fifth  avia-builder-el-first  first flex_column_div  '     ><p><br \/>\n<section  class='av_textblock_section av-lsfpa30q-713dcc647d8d38affbc9dca250d9d252 '   itemscope=\"itemscope\" itemtype=\"https:\/\/schema.org\/CreativeWork\" ><div class='avia_textblock'  itemprop=\"text\" ><h3><strong><span style=\"color: #008d86;\">Jorge Luzzi<\/span><\/strong><\/h3>\n<p><strong>Chief Executive Officer<\/strong><\/p>\n<\/div><\/section><\/p><\/div><div  class='flex_column av-2jeo3y-23345847c10c48e49bbad27e917f2509 av_three_fifth  avia-builder-el-4  el_after_av_two_fifth  avia-builder-el-last  flex_column_div  '     ><p>\n<style type=\"text\/css\" data-created_by=\"avia_inline_auto\" id=\"style-css-av-lsfpawlj-56663581e1027d7fad2ab04f6221e51a\">\n#top .av_textblock_section.av-lsfpawlj-56663581e1027d7fad2ab04f6221e51a .avia_textblock{\nfont-size:14px;\n}\n<\/style>\n<section  class='av_textblock_section av-lsfpawlj-56663581e1027d7fad2ab04f6221e51a '   itemscope=\"itemscope\" itemtype=\"https:\/\/schema.org\/CreativeWork\" ><div class='avia_textblock'  itemprop=\"text\" ><p>Jorge Luzzi \u00e9 Presidente Executivo do Risk Consulting Group e da HighDome. \u00c9 Vice-Presidente Executivo da IFRIMA e Presidente da ALARYS e da APOGERIS. Luzzi foi Vice-Presidente e Presidente da FERMA de 2009 a 2013, Diretor de Gest\u00e3o de Riscos do Grupo Pirelli em It\u00e1lia e CEO da PIRCO e da Pirelli Reinsurance Company em Dublin, Irlanda e Lugano, Su\u00ed\u00e7a, durante muitos anos.<\/p>\n<\/div><\/section><br \/>\n\n<style type=\"text\/css\" data-created_by=\"avia_inline_auto\" id=\"style-css-av-lsfpmjha-534f5fa9423e18dcc1cb2e0b5681db90\">\n#top .av_textblock_section.av-lsfpmjha-534f5fa9423e18dcc1cb2e0b5681db90 .avia_textblock{\nfont-size:14px;\n}\n<\/style>\n<section  class='av_textblock_section av-lsfpmjha-534f5fa9423e18dcc1cb2e0b5681db90 '   itemscope=\"itemscope\" itemtype=\"https:\/\/schema.org\/CreativeWork\" ><div class='avia_textblock'  itemprop=\"text\" ><p><img loading=\"lazy\" decoding=\"async\" class=\"alignleft wp-image-8625\" src=\"https:\/\/boring-leavitt.34-215-183-242.plesk.page\/wp-content\/uploads\/2024\/01\/mail-icon.png\" alt=\"\" width=\"18\" height=\"18\"><strong><a href=\"mailto:jorge.luzzi@mdsgroup.com\">jorge.luzzi@mdsgroup.com<\/a> <\/strong><\/p>\n<p><img loading=\"lazy\" decoding=\"async\" class=\"alignleft wp-image-8628\" src=\"https:\/\/boring-leavitt.34-215-183-242.plesk.page\/wp-content\/uploads\/2024\/01\/botao-de-simbolo-de-telefone.png\" alt=\"\" width=\"18\" height=\"18\"> <a href=\"tel:+351210108507\"><strong>+351 210 108 507<\/strong><\/a><\/p>\n<\/div><\/section><\/p><\/div>\n<\/div><\/div><\/main><!-- close content main element --><\/div><\/div><div id='after_section_1'  class='main_color av_default_container_wrap container_wrap sidebar_right'  ><div class='container av-section-cont-open' ><div class='template-page content  av-content-small alpha units'><div class='post-entry post-entry-type-page post-entry-9571'><div class='entry-content-wrapper clearfix'>\n","protected":false},"excerpt":{"rendered":"","protected":false},"author":1,"featured_media":0,"parent":2270,"menu_order":0,"comment_status":"closed","ping_status":"closed","template":"","meta":{"content-type":"","om_disable_all_campaigns":false,"_monsterinsights_skip_tracking":false,"_monsterinsights_sitenote_active":false,"_monsterinsights_sitenote_note":"","_monsterinsights_sitenote_category":0,"_uf_show_specific_survey":0,"_uf_disable_surveys":false,"_vp_format_video_url":"","_vp_image_focal_point":[],"footnotes":""},"class_list":["post-9571","page","type-page","status-publish","hentry"],"aioseo_notices":[],"_links":{"self":[{"href":"https:\/\/boring-leavitt.34-215-183-242.plesk.page\/pt-br\/wp-json\/wp\/v2\/pages\/9571","targetHints":{"allow":["GET"]}}],"collection":[{"href":"https:\/\/boring-leavitt.34-215-183-242.plesk.page\/pt-br\/wp-json\/wp\/v2\/pages"}],"about":[{"href":"https:\/\/boring-leavitt.34-215-183-242.plesk.page\/pt-br\/wp-json\/wp\/v2\/types\/page"}],"author":[{"embeddable":true,"href":"https:\/\/boring-leavitt.34-215-183-242.plesk.page\/pt-br\/wp-json\/wp\/v2\/users\/1"}],"replies":[{"embeddable":true,"href":"https:\/\/boring-leavitt.34-215-183-242.plesk.page\/pt-br\/wp-json\/wp\/v2\/comments?post=9571"}],"version-history":[{"count":13,"href":"https:\/\/boring-leavitt.34-215-183-242.plesk.page\/pt-br\/wp-json\/wp\/v2\/pages\/9571\/revisions"}],"predecessor-version":[{"id":9938,"href":"https:\/\/boring-leavitt.34-215-183-242.plesk.page\/pt-br\/wp-json\/wp\/v2\/pages\/9571\/revisions\/9938"}],"up":[{"embeddable":true,"href":"https:\/\/boring-leavitt.34-215-183-242.plesk.page\/pt-br\/wp-json\/wp\/v2\/pages\/2270"}],"wp:attachment":[{"href":"https:\/\/boring-leavitt.34-215-183-242.plesk.page\/pt-br\/wp-json\/wp\/v2\/media?parent=9571"}],"curies":[{"name":"wp","href":"https:\/\/api.w.org\/{rel}","templated":true}]}}