{"id":8277,"date":"2023-12-10T07:42:07","date_gmt":"2023-12-10T10:42:07","guid":{"rendered":"https:\/\/boring-leavitt.34-215-183-242.plesk.page\/?page_id=8277"},"modified":"2024-02-22T14:25:42","modified_gmt":"2024-02-22T17:25:42","slug":"servicos-especialidades","status":"publish","type":"page","link":"https:\/\/boring-leavitt.34-215-183-242.plesk.page\/pt-br\/servicos-especialidades\/","title":{"rendered":"SERVI\u00c7OS"},"content":{"rendered":"<div id='full_slider_1'  class='avia-fullwidth-slider main_color avia-shadow   avia-builder-el-0  el_before_av_layout_row  avia-builder-el-first   avia-full-stretch container_wrap sidebar_right' style='background-repeat: no-repeat; background-image: url(https:\/\/boring-leavitt.34-215-183-242.plesk.page\/wp-content\/uploads\/2024\/02\/services_v2.png); background-attachment: scroll; background-position: top center;'  ><div  class='avia-slideshow av-lsfm3c7r-e7e1753ba63435f00f763dbb271dd9c9 avia-slideshow-no scaling av_slideshow_full avia-slide-slider av-slideshow-ui av-control-default av-slideshow-manual av-loop-once av-loop-manual-endless   avia-slideshow-1' data-slideshow-options=\"{&quot;animation&quot;:&quot;slide&quot;,&quot;autoplay&quot;:false,&quot;loop_autoplay&quot;:&quot;once&quot;,&quot;interval&quot;:5,&quot;loop_manual&quot;:&quot;manual-endless&quot;,&quot;autoplay_stopper&quot;:false,&quot;noNavigation&quot;:false,&quot;bg_slider&quot;:false,&quot;keep_padding&quot;:false,&quot;hoverpause&quot;:false,&quot;show_slide_delay&quot;:0}\"  itemprop=\"image\" itemscope=\"itemscope\" itemtype=\"https:\/\/schema.org\/ImageObject\" ><ul class='avia-slideshow-inner ' ><li  class='avia-slideshow-slide av-lsfm3c7r-e7e1753ba63435f00f763dbb271dd9c9__0  av-single-slide slide-1 slide-odd'><div data-rel='slideshow-1' class='avia-slide-wrap '   ><img fetchpriority=\"high\" class=\"wp-image-9332 avia-img-lazy-loading-not-9332\"  src='' width='' height='' title='BG_Internas' alt=''  itemprop=\"thumbnailUrl\"   \/><\/div><\/li><\/ul><\/div><\/div>\n<div id='av-layout-grid-1'  class='av-layout-grid-container av-4aey4l-7242b3fbbb123e25cc57391ba76f4aae entry-content-wrapper main_color av-flex-cells  avia-builder-el-1  el_after_av_slideshow_full  el_before_av_layout_row  grid-row-not-first  container_wrap sidebar_right'  >\n<div class='flex_cell av-21wpph-cf1a931d5d94376ade2f500b87a760e5 av-gridrow-cell av_one_full no_margin  avia-builder-el-2  avia-builder-el-no-sibling '  ><div class='flex_cell_inner'>\n<style type=\"text\/css\" data-created_by=\"avia_inline_auto\" id=\"style-css-av-lg09xbn5-368fbc5a594e05dbc48be00d95eb866c\">\n#top .av-special-heading.av-lg09xbn5-368fbc5a594e05dbc48be00d95eb866c{\nmargin:30px 15px 15px 15px;\npadding-bottom:10px;\ncolor:#818285;\n}\nbody .av-special-heading.av-lg09xbn5-368fbc5a594e05dbc48be00d95eb866c .av-special-heading-tag .heading-char{\nfont-size:25px;\n}\n.av-special-heading.av-lg09xbn5-368fbc5a594e05dbc48be00d95eb866c .special-heading-inner-border{\nborder-color:#818285;\n}\n.av-special-heading.av-lg09xbn5-368fbc5a594e05dbc48be00d95eb866c .av-subheading{\nfont-size:15px;\n}\n<\/style>\n<div  class='av-special-heading av-lg09xbn5-368fbc5a594e05dbc48be00d95eb866c av-special-heading-h3 custom-color-heading blockquote elegant-quote elegant-centered  avia-builder-el-3  avia-builder-el-no-sibling '><h3 class='av-special-heading-tag '  itemprop=\"headline\"  ><span class=\"heading-wrap\">NOSSOS SERVI\u00c7OS<\/span><\/h3><div class=\"special-heading-border\"><div class=\"special-heading-inner-border\"><\/div><\/div><\/div>\n<\/div><\/div><\/div><div id='av-layout-grid-2'  class='av-layout-grid-container av-ade1se-7bb08caf752370620e6e49a5428a9a16 entry-content-wrapper main_color av-flex-cells  avia-builder-el-4  el_after_av_layout_row  avia-builder-el-last  grid-row-not-first  container_wrap sidebar_right'  >\n\n<style type=\"text\/css\" data-created_by=\"avia_inline_auto\" id=\"style-css-av-9r82xq-ee186b33afab420bc374b8638fa6adb3\">\n.flex_cell.av-9r82xq-ee186b33afab420bc374b8638fa6adb3{\nvertical-align:top;\n}\n.responsive #top #wrap_all .flex_cell.av-9r82xq-ee186b33afab420bc374b8638fa6adb3{\npadding:10px 40px 10px 40px !important;\n}\n<\/style>\n<div class='flex_cell av-9r82xq-ee186b33afab420bc374b8638fa6adb3 av-gridrow-cell av_one_half no_margin  avia-builder-el-5  el_before_av_cell_one_half  avia-builder-el-first  content-align-top'  ><div class='flex_cell_inner'>\n<style type=\"text\/css\" data-created_by=\"avia_inline_auto\" id=\"style-css-av-7oxb9x-db3627f2231969a84089e861ababec52\">\n.flex_column.av-7oxb9x-db3627f2231969a84089e861ababec52{\npadding:0 20px 0 20px;\n}\n<\/style>\n<div  class='flex_column av-7oxb9x-db3627f2231969a84089e861ababec52 av_one_full  avia-builder-el-6  avia-builder-el-no-sibling  first flex_column_div  '     ><section  class='av_textblock_section av-5rcdt1-97f9946413a19bbba4d3e3d98a425952 '   itemscope=\"itemscope\" itemtype=\"https:\/\/schema.org\/CreativeWork\" ><div class='avia_textblock'  itemprop=\"text\" ><h4><span style=\"color: #3db2ac;\"><strong>Oferecemos um servi\u00e7o completo de gerenciamento de c\u00e9lulas que inclui<\/strong><\/span><\/h4>\n<p><img loading=\"lazy\" decoding=\"async\" class=\"alignnone size-full wp-image-8398\" src=\"https:\/\/boring-leavitt.34-215-183-242.plesk.page\/wp-content\/uploads\/2023\/12\/line_title.png\" alt=\"\" width=\"60\" height=\"9\" \/><\/p>\n<ul>\n<li>Estudos de viabilidade e proje\u00e7\u00f5es financeiras.<\/li>\n<li>Plano de neg\u00f3cios.<\/li>\n<li>Processo de estabelecimento de c\u00e9lulas.<\/li>\n<li>Acordos para coloca\u00e7\u00f5es de fronting e resseguro.<\/li>\n<li>Arranjos para programas de Engenharia (Preven\u00e7\u00e3o de Perdas).<\/li>\n<li>Gest\u00e3o cont\u00ednua da c\u00e9lula de acordo com os requisitos legais.<\/li>\n<\/ul>\n<p>Nossos servi\u00e7os s\u00e3o direcionados principalmente a grandes empresas que podem encontrar vantagem comercial na cria\u00e7\u00e3o de uma c\u00e9lula na empresa de c\u00e9lulas protegidas da <strong>Highdome.<\/strong><\/p>\n<p>A <strong>HighDome PCC Limited<\/strong> est\u00e1 licenciada em Malta para passaporte para outros estados membros da UE ou estados do EEE como seguradora direta e em todo o mundo como resseguradora. Actualmente, estes servi\u00e7os est\u00e3o aprovados para passaporte na B\u00e9lgica, Fran\u00e7a, Portugal e Espanha.<\/p>\n<\/div><\/section><br \/>\n\n<style type=\"text\/css\" data-created_by=\"avia_inline_auto\" id=\"style-css-av-3wfoud-3e6df7162d07bac7342c31b645211231\">\n#top .hr.hr-invisible.av-3wfoud-3e6df7162d07bac7342c31b645211231{\nheight:30px;\n}\n<\/style>\n<div  class='hr av-3wfoud-3e6df7162d07bac7342c31b645211231 hr-invisible  avia-builder-el-8  el_after_av_textblock  el_before_av_image '><span class='hr-inner '><span class=\"hr-inner-style\"><\/span><\/span><\/div><br \/>\n<\/p><\/div>\n<\/div><\/div>\n<style type=\"text\/css\" data-created_by=\"avia_inline_auto\" id=\"style-css-av-4crhby-1e130e26ebd3774848650630055c5f40\">\n.flex_cell.av-4crhby-1e130e26ebd3774848650630055c5f40{\nvertical-align:top;\n}\n.responsive #top #wrap_all .flex_cell.av-4crhby-1e130e26ebd3774848650630055c5f40{\npadding:10px 40px 10px 40px !important;\n}\n<\/style>\n<div class='flex_cell av-4crhby-1e130e26ebd3774848650630055c5f40 av-gridrow-cell av_one_half no_margin  avia-builder-el-10  el_after_av_cell_one_half  avia-builder-el-last  content-align-top'  ><div class='flex_cell_inner'>\n<style type=\"text\/css\" data-created_by=\"avia_inline_auto\" id=\"style-css-av-86qwhq-49cfa5ce2578ba42273a72be7450c482\">\n.flex_column.av-86qwhq-49cfa5ce2578ba42273a72be7450c482{\npadding:0 20px 0 20px;\n}\n<\/style>\n<div  class='flex_column av-86qwhq-49cfa5ce2578ba42273a72be7450c482 av_one_full  avia-builder-el-11  avia-builder-el-no-sibling  first flex_column_div  '     ><section  class='av_textblock_section av-lpza2bl9-6f667ff020ee9625d7f0c6db23a24ad9 '   itemscope=\"itemscope\" itemtype=\"https:\/\/schema.org\/CreativeWork\" ><div class='avia_textblock'  itemprop=\"text\" ><h4><span style=\"color: #3db2ac;\"><strong>Ajudamos voc\u00ea a proteger seu patrim\u00f4nio<\/strong><\/span><\/h4>\n<p><img loading=\"lazy\" decoding=\"async\" class=\"alignnone size-full wp-image-8398\" src=\"https:\/\/boring-leavitt.34-215-183-242.plesk.page\/wp-content\/uploads\/2023\/12\/line_title.png\" alt=\"\" width=\"60\" height=\"9\" \/><\/p>\n<p>No cen\u00e1rio empresarial contempor\u00e2neo, a gest\u00e3o eficiente de riscos tornou-se um componente crucial para a sustentabilidade e o crescimento das organiza\u00e7\u00f5es. Neste contexto, as c\u00e9lulas cativas surgem como uma poderosa ferramenta, oferecendo solu\u00e7\u00f5es customizadas e flex\u00edveis \u00e0s necessidades espec\u00edficas de seguros de cada empresa.<\/p>\n<p><strong>1. Personaliza\u00e7\u00e3o e Controle:<\/strong> Atrav\u00e9s de uma c\u00e9lula cativa, uma empresa ganha a capacidade de adequar suas coberturas de seguros, adaptando-as precisamente \u00e0s suas necessidades \u00fanicas. Isso significa que a empresa n\u00e3o est\u00e1 mais restrita a produtos padronizados do mercado segurador tradicional, permitindo-lhe desenvolver solu\u00e7\u00f5es que reflitam com maior precis\u00e3o os reais riscos que enfrenta.<\/p>\n<p><strong>2. Gest\u00e3o de Custos:<\/strong> Uma das principais vantagens de uma c\u00e9lula cativa \u00e9 a potencial redu\u00e7\u00e3o de custos. Ao internalizar uma parte dos riscos, uma empresa pode diminuir a sua depend\u00eancia de seguradoras externas, o que pode resultar em poupan\u00e7as significativas. Al\u00e9m disso, a efici\u00eancia administrativa de uma c\u00e9lula cativa pode reduzir as despesas globais associadas \u00e0 gest\u00e3o de seguros.<\/p>\n<p><strong>3. Acesso aos mercados de resseguros:<\/strong> Com uma c\u00e9lula cativa, as empresas podem acessar diretamente os mercados de resseguros, que podem oferecer taxas e condi\u00e7\u00f5es melhores do que as dispon\u00edveis no mercado tradicional. Isso n\u00e3o apenas proporciona economia, mas tamb\u00e9m oferece maior flexibilidade na negocia\u00e7\u00e3o dos termos e condi\u00e7\u00f5es do seguro.<\/p>\n<p><strong>4. Acumula\u00e7\u00e3o de capital e investimentos:<\/strong> As c\u00e9lulas cativas permitem que as empresas acumulem capital atrav\u00e9s dos pr\u00e9mios pagos. Esse capital pode ser investido, gerando retornos adicionais para a empresa. Esta abordagem pode ser particularmente ben\u00e9fica em anos com poucos ou nenhuns sinistros, transformando o sector dos seguros de um centro de custos num potencial centro de lucros.<\/p>\n<p><strong>5. Gerenciamento de risco aprimorado:<\/strong> Operar uma c\u00e9lula cativa torna a empresa mais consciente e proativa no gerenciamento de seus riscos. Isto muitas vezes leva a melhores pr\u00e1ticas de seguran\u00e7a e preven\u00e7\u00e3o de riscos, o que pode resultar em menos sinistros e, consequentemente, em custos de seguro mais baixos a longo prazo.<\/p>\n<\/div><\/section><\/div>\n<\/div><\/div>\n<\/div><\/p>\n","protected":false},"excerpt":{"rendered":"","protected":false},"author":1,"featured_media":0,"parent":0,"menu_order":0,"comment_status":"open","ping_status":"closed","template":"","meta":{"content-type":"","om_disable_all_campaigns":false,"_monsterinsights_skip_tracking":false,"_monsterinsights_sitenote_active":false,"_monsterinsights_sitenote_note":"","_monsterinsights_sitenote_category":0,"_uf_show_specific_survey":0,"_uf_disable_surveys":false,"_vp_format_video_url":"","_vp_image_focal_point":[],"footnotes":""},"class_list":["post-8277","page","type-page","status-publish","hentry"],"aioseo_notices":[],"_links":{"self":[{"href":"https:\/\/boring-leavitt.34-215-183-242.plesk.page\/pt-br\/wp-json\/wp\/v2\/pages\/8277","targetHints":{"allow":["GET"]}}],"collection":[{"href":"https:\/\/boring-leavitt.34-215-183-242.plesk.page\/pt-br\/wp-json\/wp\/v2\/pages"}],"about":[{"href":"https:\/\/boring-leavitt.34-215-183-242.plesk.page\/pt-br\/wp-json\/wp\/v2\/types\/page"}],"author":[{"embeddable":true,"href":"https:\/\/boring-leavitt.34-215-183-242.plesk.page\/pt-br\/wp-json\/wp\/v2\/users\/1"}],"replies":[{"embeddable":true,"href":"https:\/\/boring-leavitt.34-215-183-242.plesk.page\/pt-br\/wp-json\/wp\/v2\/comments?post=8277"}],"version-history":[{"count":78,"href":"https:\/\/boring-leavitt.34-215-183-242.plesk.page\/pt-br\/wp-json\/wp\/v2\/pages\/8277\/revisions"}],"predecessor-version":[{"id":9806,"href":"https:\/\/boring-leavitt.34-215-183-242.plesk.page\/pt-br\/wp-json\/wp\/v2\/pages\/8277\/revisions\/9806"}],"wp:attachment":[{"href":"https:\/\/boring-leavitt.34-215-183-242.plesk.page\/pt-br\/wp-json\/wp\/v2\/media?parent=8277"}],"curies":[{"name":"wp","href":"https:\/\/api.w.org\/{rel}","templated":true}]}}