{"id":7688,"date":"2023-08-03T23:18:24","date_gmt":"2023-08-04T02:18:24","guid":{"rendered":"https:\/\/boring-leavitt.34-215-183-242.plesk.page\/?page_id=7688"},"modified":"2024-01-13T03:05:11","modified_gmt":"2024-01-13T06:05:11","slug":"news","status":"publish","type":"page","link":"https:\/\/boring-leavitt.34-215-183-242.plesk.page\/pt-br\/news\/","title":{"rendered":"NEWS"},"content":{"rendered":"\n<style type=\"text\/css\" data-created_by=\"avia_inline_auto\" id=\"style-css-av-5prak2-89b388c6066765d7812412e79bcfb468\">\n#top .av-special-heading.av-5prak2-89b388c6066765d7812412e79bcfb468{\nmargin:30px 20px 20px 20px;\npadding-bottom:10px;\ncolor:#818285;\n}\nbody .av-special-heading.av-5prak2-89b388c6066765d7812412e79bcfb468 .av-special-heading-tag .heading-char{\nfont-size:25px;\n}\n#top #wrap_all .av-special-heading.av-5prak2-89b388c6066765d7812412e79bcfb468 .av-special-heading-tag{\npadding:30px 20px 20px 20px;\n}\n.av-special-heading.av-5prak2-89b388c6066765d7812412e79bcfb468 .special-heading-inner-border{\nborder-color:#818285;\n}\n.av-special-heading.av-5prak2-89b388c6066765d7812412e79bcfb468 .av-subheading{\nfont-size:15px;\n}\n<\/style>\n<div  class='av-special-heading av-5prak2-89b388c6066765d7812412e79bcfb468 av-special-heading-h1 custom-color-heading blockquote elegant-quote elegant-centered  avia-builder-el-0  el_before_av_hr  avia-builder-el-first '><h1 class='av-special-heading-tag '  itemprop=\"headline\"  ><span class=\"heading-wrap\">NEWS<\/span><\/h1><div class=\"special-heading-border\"><div class=\"special-heading-inner-border\"><\/div><\/div><\/div>\n\n<style type=\"text\/css\" data-created_by=\"avia_inline_auto\" id=\"style-css-av-3sr5jm-acc9eea0f33b0b0f0e1ccc7f0abf8e81\">\n#top .hr.hr-invisible.av-3sr5jm-acc9eea0f33b0b0f0e1ccc7f0abf8e81{\nheight:50px;\n}\n<\/style>\n<div  class='hr av-3sr5jm-acc9eea0f33b0b0f0e1ccc7f0abf8e81 hr-invisible  avia-builder-el-1  el_after_av_heading  el_before_av_blog '><span class='hr-inner '><span class=\"hr-inner-style\"><\/span><\/span><\/div>\n<div  class='av-alb-blogposts template-blog  '  itemscope=\"itemscope\" itemtype=\"https:\/\/schema.org\/Blog\" ><article class=\"post-entry post-entry-type-standard post-entry-8453 post-loop-1 post-parity-odd single-big  post-8453 post type-post status-publish format-standard has-post-thumbnail hentry category-news\"  itemscope=\"itemscope\" itemtype=\"https:\/\/schema.org\/BlogPosting\" ><div class=\"blog-meta\"><\/div><div class='entry-content-wrapper clearfix standard-content'><header class=\"entry-content-header\" aria-label=\"Post: HighDome PCC Revoluciona o Setor de Seguros em Malta com Solu\u00e7\u00f5es Inovadoras de Financiamento de Risco\u00a0\"><h2 class='post-title entry-title '  itemprop=\"headline\" ><a href=\"https:\/\/boring-leavitt.34-215-183-242.plesk.page\/pt-br\/highdome-pcc-revoluciona-o-setor-de-seguros-em-malta-com-solucoes-inovadoras-de-financiamento-de-risco\/\" rel=\"bookmark\" title=\"Link permanente: HighDome PCC Revoluciona o Setor de Seguros em Malta com Solu\u00e7\u00f5es Inovadoras de Financiamento de Risco\u00a0\">HighDome PCC Revoluciona o Setor de Seguros em Malta com Solu\u00e7\u00f5es Inovadoras de Financiamento de Risco\u00a0<span class=\"post-format-icon minor-meta\"><\/span><\/a><\/h2><span class=\"post-meta-infos\"><\/span><\/header><div class=\"entry-content\"  itemprop=\"text\" ><p>Em um cen\u00e1rio desafiador para pequenas e m\u00e9dias empresas em busca de solu\u00e7\u00f5es de seguro inovadoras e acess\u00edveis, a HighDome PCC se destaca como uma refer\u00eancia na ind\u00fastria de seguros em Malta. A empresa, especializada em Companhias de C\u00e9lulas Protegidas (PCC), oferece uma abordagem \u00fanica e sustent\u00e1vel para o financiamento de riscos, proporcionando benef\u00edcios significativos para seus clientes. <\/p>\n<div class=\"read-more-link\"><a href=\"https:\/\/boring-leavitt.34-215-183-242.plesk.page\/pt-br\/highdome-pcc-revoluciona-o-setor-de-seguros-em-malta-com-solucoes-inovadoras-de-financiamento-de-risco\/\" class=\"more-link\">Leia mais<span class='more-link-arrow avia-svg-icon avia-font-svg_entypo-fontello' data-av_svg_icon='right-open-big' data-av_iconset='svg_entypo-fontello'><svg version=\"1.1\" xmlns=\"http:\/\/www.w3.org\/2000\/svg\" width=\"15\" height=\"32\" viewBox=\"0 0 15 32\" preserveAspectRatio=\"xMidYMid meet\" role=\"graphics-symbol\" aria-hidden=\"true\">\n<path d=\"M0.416 27.84l11.456-11.84-11.456-11.904q-0.832-0.832 0-1.536 0.832-0.832 1.536 0l12.544 12.608q0.768 0.832 0 1.6l-12.544 12.608q-0.704 0.832-1.536 0-0.832-0.704 0-1.536z\"><\/path>\n<\/svg><\/span><\/a><\/div>\n<\/div><footer class=\"entry-footer\"><\/footer><div class='post_delimiter'><\/div><\/div><div class=\"post_author_timeline\"><\/div><span class='hidden'>\n\t\t\t\t<span class='av-structured-data'  itemprop=\"image\" itemscope=\"itemscope\" itemtype=\"https:\/\/schema.org\/ImageObject\" >\n\t\t\t\t\t\t<span itemprop='url'><\/span>\n\t\t\t\t\t\t<span itemprop='height'>0<\/span>\n\t\t\t\t\t\t<span itemprop='width'>0<\/span>\n\t\t\t\t<\/span>\n\t\t\t\t<span class='av-structured-data'  itemprop=\"publisher\" itemtype=\"https:\/\/schema.org\/Organization\" itemscope=\"itemscope\" >\n\t\t\t\t\t\t<span itemprop='name'>amper.ag<\/span>\n\t\t\t\t\t\t<span itemprop='logo' itemscope itemtype='https:\/\/schema.org\/ImageObject'>\n\t\t\t\t\t\t\t<span itemprop='url'><\/span>\n\t\t\t\t\t\t<\/span>\n\t\t\t\t<\/span><span class='av-structured-data'  itemprop=\"author\" itemscope=\"itemscope\" itemtype=\"https:\/\/schema.org\/Person\" ><span itemprop='name'>amper.ag<\/span><\/span><span class='av-structured-data'  itemprop=\"datePublished\" datetime=\"2023-12-13T13:22:57-03:00\" >2023-12-13 13:22:57<\/span><span class='av-structured-data'  itemprop=\"dateModified\" itemtype=\"https:\/\/schema.org\/dateModified\" >2024-01-15 00:55:13<\/span><span class='av-structured-data'  itemprop=\"mainEntityOfPage\" itemtype=\"https:\/\/schema.org\/mainEntityOfPage\" ><span itemprop='name'>HighDome PCC Revoluciona o Setor de Seguros em Malta com Solu\u00e7\u00f5es Inovadoras de Financiamento de Risco\u00a0<\/span><\/span><\/span><\/article><article class=\"post-entry post-entry-type-standard post-entry-8448 post-loop-2 post-parity-even single-big  post-8448 post type-post status-publish format-standard has-post-thumbnail hentry category-news\"  itemscope=\"itemscope\" itemtype=\"https:\/\/schema.org\/BlogPosting\" ><div class=\"blog-meta\"><\/div><div class='entry-content-wrapper clearfix standard-content'><header class=\"entry-content-header\" aria-label=\"Post: HighDome PCC Lan\u00e7a Novo Site para Oferecer Solu\u00e7\u00f5es Inovadoras em Seguros\u00a0\"><h2 class='post-title entry-title '  itemprop=\"headline\" ><a href=\"https:\/\/boring-leavitt.34-215-183-242.plesk.page\/pt-br\/highdome-pcc-lanca-novo-site-para-oferecer-solucoes-inovadoras-em-seguros\/\" rel=\"bookmark\" title=\"Link permanente: HighDome PCC Lan\u00e7a Novo Site para Oferecer Solu\u00e7\u00f5es Inovadoras em Seguros\u00a0\">HighDome PCC Lan\u00e7a Novo Site para Oferecer Solu\u00e7\u00f5es Inovadoras em Seguros\u00a0<span class=\"post-format-icon minor-meta\"><\/span><\/a><\/h2><span class=\"post-meta-infos\"><\/span><\/header><div class=\"entry-content\"  itemprop=\"text\" ><p>A renomada HighDome PCC, uma l\u00edder em solu\u00e7\u00f5es de seguros e Companhia de C\u00e9lulas Protegidas (PCC), anuncia com entusiasmo o lan\u00e7amento do seu novo site, marcando um marco significativo na oferta de servi\u00e7os inovadores para pequenas e m\u00e9dias empresas. <\/p>\n<div class=\"read-more-link\"><a href=\"https:\/\/boring-leavitt.34-215-183-242.plesk.page\/pt-br\/highdome-pcc-lanca-novo-site-para-oferecer-solucoes-inovadoras-em-seguros\/\" class=\"more-link\">Leia mais<span class='more-link-arrow avia-svg-icon avia-font-svg_entypo-fontello' data-av_svg_icon='right-open-big' data-av_iconset='svg_entypo-fontello'><svg version=\"1.1\" xmlns=\"http:\/\/www.w3.org\/2000\/svg\" width=\"15\" height=\"32\" viewBox=\"0 0 15 32\" preserveAspectRatio=\"xMidYMid meet\" role=\"graphics-symbol\" aria-hidden=\"true\">\n<path d=\"M0.416 27.84l11.456-11.84-11.456-11.904q-0.832-0.832 0-1.536 0.832-0.832 1.536 0l12.544 12.608q0.768 0.832 0 1.6l-12.544 12.608q-0.704 0.832-1.536 0-0.832-0.704 0-1.536z\"><\/path>\n<\/svg><\/span><\/a><\/div>\n<\/div><footer class=\"entry-footer\"><\/footer><div class='post_delimiter'><\/div><\/div><div class=\"post_author_timeline\"><\/div><span class='hidden'>\n\t\t\t\t<span class='av-structured-data'  itemprop=\"image\" itemscope=\"itemscope\" itemtype=\"https:\/\/schema.org\/ImageObject\" >\n\t\t\t\t\t\t<span itemprop='url'><\/span>\n\t\t\t\t\t\t<span itemprop='height'>0<\/span>\n\t\t\t\t\t\t<span itemprop='width'>0<\/span>\n\t\t\t\t<\/span>\n\t\t\t\t<span class='av-structured-data'  itemprop=\"publisher\" itemtype=\"https:\/\/schema.org\/Organization\" itemscope=\"itemscope\" >\n\t\t\t\t\t\t<span itemprop='name'>amper.ag<\/span>\n\t\t\t\t\t\t<span itemprop='logo' itemscope itemtype='https:\/\/schema.org\/ImageObject'>\n\t\t\t\t\t\t\t<span itemprop='url'><\/span>\n\t\t\t\t\t\t<\/span>\n\t\t\t\t<\/span><span class='av-structured-data'  itemprop=\"author\" itemscope=\"itemscope\" itemtype=\"https:\/\/schema.org\/Person\" ><span itemprop='name'>amper.ag<\/span><\/span><span class='av-structured-data'  itemprop=\"datePublished\" datetime=\"2023-12-13T13:18:44-03:00\" >2023-12-13 13:18:44<\/span><span class='av-structured-data'  itemprop=\"dateModified\" itemtype=\"https:\/\/schema.org\/dateModified\" >2024-01-29 02:31:24<\/span><span class='av-structured-data'  itemprop=\"mainEntityOfPage\" itemtype=\"https:\/\/schema.org\/mainEntityOfPage\" ><span itemprop='name'>HighDome PCC Lan\u00e7a Novo Site para Oferecer Solu\u00e7\u00f5es Inovadoras em Seguros\u00a0<\/span><\/span><\/span><\/article><article class=\"post-entry post-entry-type-standard post-entry-8443 post-loop-3 post-parity-odd post-entry-last single-big  post-8443 post type-post status-publish format-standard has-post-thumbnail hentry category-news\"  itemscope=\"itemscope\" itemtype=\"https:\/\/schema.org\/BlogPosting\" ><div class=\"blog-meta\"><\/div><div class='entry-content-wrapper clearfix standard-content'><header class=\"entry-content-header\" aria-label=\"Post: HighDome PCC Impulsiona Desenvolvimento de C\u00e9lulas Protegidas na Europa para Solu\u00e7\u00f5es de Seguros Inovadoras\"><h2 class='post-title entry-title '  itemprop=\"headline\" ><a href=\"https:\/\/boring-leavitt.34-215-183-242.plesk.page\/pt-br\/highdome-pcc-impulsiona-desenvolvimento-de-celulas-protegidas-na-europa-para-solucoes-de-seguros-inovadoras\/\" rel=\"bookmark\" title=\"Link permanente: HighDome PCC Impulsiona Desenvolvimento de C\u00e9lulas Protegidas na Europa para Solu\u00e7\u00f5es de Seguros Inovadoras\">HighDome PCC Impulsiona Desenvolvimento de C\u00e9lulas Protegidas na Europa para Solu\u00e7\u00f5es de Seguros Inovadoras<span class=\"post-format-icon minor-meta\"><\/span><\/a><\/h2><span class=\"post-meta-infos\"><\/span><\/header><div class=\"entry-content\"  itemprop=\"text\" ><p>Com base em Malta, a HighDome oferece alternativa sofisticada e sustent\u00e1vel para empresas de pequeno e m\u00e9dio porte gerenciarem seus riscos de seguros corporativos.<\/p>\n<div class=\"read-more-link\"><a href=\"https:\/\/boring-leavitt.34-215-183-242.plesk.page\/pt-br\/highdome-pcc-impulsiona-desenvolvimento-de-celulas-protegidas-na-europa-para-solucoes-de-seguros-inovadoras\/\" class=\"more-link\">Leia mais<span class='more-link-arrow avia-svg-icon avia-font-svg_entypo-fontello' data-av_svg_icon='right-open-big' data-av_iconset='svg_entypo-fontello'><svg version=\"1.1\" xmlns=\"http:\/\/www.w3.org\/2000\/svg\" width=\"15\" height=\"32\" viewBox=\"0 0 15 32\" preserveAspectRatio=\"xMidYMid meet\" role=\"graphics-symbol\" aria-hidden=\"true\">\n<path d=\"M0.416 27.84l11.456-11.84-11.456-11.904q-0.832-0.832 0-1.536 0.832-0.832 1.536 0l12.544 12.608q0.768 0.832 0 1.6l-12.544 12.608q-0.704 0.832-1.536 0-0.832-0.704 0-1.536z\"><\/path>\n<\/svg><\/span><\/a><\/div>\n<\/div><footer class=\"entry-footer\"><\/footer><div class='post_delimiter'><\/div><\/div><div class=\"post_author_timeline\"><\/div><span class='hidden'>\n\t\t\t\t<span class='av-structured-data'  itemprop=\"image\" itemscope=\"itemscope\" itemtype=\"https:\/\/schema.org\/ImageObject\" >\n\t\t\t\t\t\t<span itemprop='url'><\/span>\n\t\t\t\t\t\t<span itemprop='height'>0<\/span>\n\t\t\t\t\t\t<span itemprop='width'>0<\/span>\n\t\t\t\t<\/span>\n\t\t\t\t<span class='av-structured-data'  itemprop=\"publisher\" itemtype=\"https:\/\/schema.org\/Organization\" itemscope=\"itemscope\" >\n\t\t\t\t\t\t<span itemprop='name'>amper.ag<\/span>\n\t\t\t\t\t\t<span itemprop='logo' itemscope itemtype='https:\/\/schema.org\/ImageObject'>\n\t\t\t\t\t\t\t<span itemprop='url'><\/span>\n\t\t\t\t\t\t<\/span>\n\t\t\t\t<\/span><span class='av-structured-data'  itemprop=\"author\" itemscope=\"itemscope\" itemtype=\"https:\/\/schema.org\/Person\" ><span itemprop='name'>amper.ag<\/span><\/span><span class='av-structured-data'  itemprop=\"datePublished\" datetime=\"2023-12-13T13:05:04-03:00\" >2023-12-13 13:05:04<\/span><span class='av-structured-data'  itemprop=\"dateModified\" itemtype=\"https:\/\/schema.org\/dateModified\" >2024-01-29 02:38:29<\/span><span class='av-structured-data'  itemprop=\"mainEntityOfPage\" itemtype=\"https:\/\/schema.org\/mainEntityOfPage\" ><span itemprop='name'>HighDome PCC Impulsiona Desenvolvimento de C\u00e9lulas Protegidas na Europa para Solu\u00e7\u00f5es de Seguros Inovadoras<\/span><\/span><\/span><\/article><div class='single-big'><\/div><\/div>\n","protected":false},"excerpt":{"rendered":"","protected":false},"author":1,"featured_media":0,"parent":0,"menu_order":0,"comment_status":"closed","ping_status":"closed","template":"","meta":{"content-type":"","om_disable_all_campaigns":false,"_monsterinsights_skip_tracking":false,"_monsterinsights_sitenote_active":false,"_monsterinsights_sitenote_note":"","_monsterinsights_sitenote_category":0,"_uf_show_specific_survey":0,"_uf_disable_surveys":false,"_vp_format_video_url":"","_vp_image_focal_point":[],"footnotes":""},"class_list":["post-7688","page","type-page","status-publish","hentry"],"aioseo_notices":[],"_links":{"self":[{"href":"https:\/\/boring-leavitt.34-215-183-242.plesk.page\/pt-br\/wp-json\/wp\/v2\/pages\/7688","targetHints":{"allow":["GET"]}}],"collection":[{"href":"https:\/\/boring-leavitt.34-215-183-242.plesk.page\/pt-br\/wp-json\/wp\/v2\/pages"}],"about":[{"href":"https:\/\/boring-leavitt.34-215-183-242.plesk.page\/pt-br\/wp-json\/wp\/v2\/types\/page"}],"author":[{"embeddable":true,"href":"https:\/\/boring-leavitt.34-215-183-242.plesk.page\/pt-br\/wp-json\/wp\/v2\/users\/1"}],"replies":[{"embeddable":true,"href":"https:\/\/boring-leavitt.34-215-183-242.plesk.page\/pt-br\/wp-json\/wp\/v2\/comments?post=7688"}],"version-history":[{"count":16,"href":"https:\/\/boring-leavitt.34-215-183-242.plesk.page\/pt-br\/wp-json\/wp\/v2\/pages\/7688\/revisions"}],"predecessor-version":[{"id":8763,"href":"https:\/\/boring-leavitt.34-215-183-242.plesk.page\/pt-br\/wp-json\/wp\/v2\/pages\/7688\/revisions\/8763"}],"wp:attachment":[{"href":"https:\/\/boring-leavitt.34-215-183-242.plesk.page\/pt-br\/wp-json\/wp\/v2\/media?parent=7688"}],"curies":[{"name":"wp","href":"https:\/\/api.w.org\/{rel}","templated":true}]}}