{"id":1122,"date":"2013-04-04T23:55:11","date_gmt":"2013-04-05T02:55:11","guid":{"rendered":"http:\/\/www.kriesi.at\/themes\/enfold\/?page_id=1122"},"modified":"2024-02-14T15:40:41","modified_gmt":"2024-02-14T18:40:41","slug":"pcc-advantages","status":"publish","type":"page","link":"https:\/\/boring-leavitt.34-215-183-242.plesk.page\/pt-br\/pcc-advantages\/","title":{"rendered":"PCC ADVANTAGES"},"content":{"rendered":"<div id='full_slider_1'  class='avia-fullwidth-slider main_color avia-shadow   avia-builder-el-0  el_before_av_layout_row  avia-builder-el-first   avia-full-stretch container_wrap sidebar_right' style='background-repeat: no-repeat; background-image: url(https:\/\/boring-leavitt.34-215-183-242.plesk.page\/wp-content\/uploads\/2024\/02\/factory-workshop-interior-machines-glass-production-background-2.png); background-attachment: scroll; background-position: top left;'  ><div  class='avia-slideshow av-lsfm8veb-9a4adc436aada9bfe4c093cbec84d8f4 avia-slideshow-no scaling av_slideshow_full avia-slide-slider av-slideshow-ui av-control-default av-slideshow-manual av-loop-once av-loop-manual-endless   avia-slideshow-1' data-slideshow-options=\"{&quot;animation&quot;:&quot;slide&quot;,&quot;autoplay&quot;:false,&quot;loop_autoplay&quot;:&quot;once&quot;,&quot;interval&quot;:5,&quot;loop_manual&quot;:&quot;manual-endless&quot;,&quot;autoplay_stopper&quot;:false,&quot;noNavigation&quot;:false,&quot;bg_slider&quot;:false,&quot;keep_padding&quot;:false,&quot;hoverpause&quot;:false,&quot;show_slide_delay&quot;:0}\"  itemprop=\"image\" itemscope=\"itemscope\" itemtype=\"https:\/\/schema.org\/ImageObject\" ><ul class='avia-slideshow-inner ' ><li  class='avia-slideshow-slide av-lsfm8veb-9a4adc436aada9bfe4c093cbec84d8f4__0  av-single-slide slide-1 slide-odd'><div data-rel='slideshow-1' class='avia-slide-wrap '   ><img fetchpriority=\"high\" class=\"wp-image-9332 avia-img-lazy-loading-not-9332\"  src='' width='' height='' title='BG_Internas' alt=''  itemprop=\"thumbnailUrl\"   \/><\/div><\/li><\/ul><\/div><\/div>\n<div id='av-layout-grid-1'  class='av-layout-grid-container av-buplua-8afb11d3c096703c33c53abaaaa57a45 entry-content-wrapper main_color av-flex-cells  avia-builder-el-1  el_after_av_slideshow_full  avia-builder-el-last  grid-row-not-first  container_wrap sidebar_right'  >\n<div class='flex_cell av-bavnoi-7f1a63f85e402b849e4de8f6fcf09341 av-gridrow-cell av_one_half no_margin  avia-builder-el-2  el_before_av_cell_one_half  avia-builder-el-first '  ><div class='flex_cell_inner'>\n<style type=\"text\/css\" data-created_by=\"avia_inline_auto\" id=\"style-css-av-9l7kua-7aae18f231d41a4e3b834d39df9233a5\">\n.flex_column.av-9l7kua-7aae18f231d41a4e3b834d39df9233a5{\npadding:20px 30px 20px 30px;\n}\n<\/style>\n<div  class='flex_column av-9l7kua-7aae18f231d41a4e3b834d39df9233a5 av_one_full  avia-builder-el-3  avia-builder-el-no-sibling  first flex_column_div  '     ><style type=\"text\/css\" data-created_by=\"avia_inline_auto\" id=\"style-css-av-7p839u-1fe693f33a702a1bf46782c82184c752\">\n#top .av_textblock_section.av-7p839u-1fe693f33a702a1bf46782c82184c752 .avia_textblock{\nfont-size:14px;\ncolor:#000000;\n}\n<\/style>\n<section  class='av_textblock_section av-7p839u-1fe693f33a702a1bf46782c82184c752 '   itemscope=\"itemscope\" itemtype=\"https:\/\/schema.org\/CreativeWork\" ><div class='avia_textblock av_inherit_color'  itemprop=\"text\" ><h2><\/h2>\n<h4><span style=\"color: #3db2ac;\"><strong>O que \u00e9 uma empresa de c\u00e9lulas protegidas (PCC)?<\/strong><\/span><\/h4>\n<p><img loading=\"lazy\" decoding=\"async\" class=\"alignnone size-full wp-image-8398\" src=\"https:\/\/boring-leavitt.34-215-183-242.plesk.page\/wp-content\/uploads\/2023\/12\/line_title.png\" alt=\"\" width=\"60\" height=\"9\" \/><\/p>\n<p style=\"text-align: justify;\">Uma Protected Cell Company (PCC) consiste em uma \u00fanica entidade legal licenciada por seguros com duas classes de a\u00e7\u00f5es:<\/p>\n<ul>\n<li style=\"list-style-type: none;\">\n<ul>\n<li style=\"text-align: justify;\">As a\u00e7\u00f5es \u201cprincipais\u201d detidas pelos promotores da c\u00e9lula cativa com direito a voto e distribui\u00e7\u00e3o, e<\/li>\n<li style=\"text-align: justify;\">As a\u00e7\u00f5es de \u201cc\u00e9lula\u201d emitidas para cada propriet\u00e1rio de c\u00e9lula com direitos de dividendos celulares.<\/li>\n<li style=\"text-align: justify;\">Os PCC s\u00e3o uma forma evolu\u00edda de rent-a-captive que se baseia na protec\u00e7\u00e3o legal em vez da protec\u00e7\u00e3o contratual oferecida pelos rent-a-captives tradicionais.<br \/>\nOs ativos de cada c\u00e9lula s\u00e3o protegidos das responsabilidades de outras c\u00e9lulas pela legisla\u00e7\u00e3o. Caso os activos de uma determinada c\u00e9lula se revelem insuficientes para fazer face \u00e0s suas responsabilidades, os credores poder\u00e3o ter acesso aos activos do n\u00facleo, salvo acordo em contr\u00e1rio, mas nunca aos activos de qualquer outra c\u00e9lula.<br \/>\nEm subst\u00e2ncia, uma c\u00e9lula cativa confere os mesmos benef\u00edcios de uma cativa de propriedade integral, sem a necessidade de satisfazer os requisitos m\u00ednimos de capital de uma companhia de seguros de pleno direito.<\/li>\n<\/ul>\n<\/li>\n<\/ul>\n<\/div><\/section><br \/>\n\n<style type=\"text\/css\" data-created_by=\"avia_inline_auto\" id=\"style-css-av-61mlma-9d1b1dd0974fa60906b9a02fa4362bad\">\n#top .hr.hr-invisible.av-61mlma-9d1b1dd0974fa60906b9a02fa4362bad{\nheight:30px;\n}\n<\/style>\n<div  class='hr av-61mlma-9d1b1dd0974fa60906b9a02fa4362bad hr-invisible  avia-builder-el-5  el_after_av_textblock  el_before_av_image '><span class='hr-inner '><span class=\"hr-inner-style\"><\/span><\/span><\/div><br \/>\n<\/p><\/div>\n<\/div><\/div><div class='flex_cell av-g8q8y-482adcd06e13ddba54e9ce7fdc4a805e av-gridrow-cell av_one_half no_margin  avia-builder-el-7  el_after_av_cell_one_half  avia-builder-el-last '  ><div class='flex_cell_inner'>\n<style type=\"text\/css\" data-created_by=\"avia_inline_auto\" id=\"style-css-av-39czmq-0812542941521a4398ac2f45b932c816\">\n.flex_column.av-39czmq-0812542941521a4398ac2f45b932c816{\npadding:20px 30px 20px 30px;\n}\n<\/style>\n<div  class='flex_column av-39czmq-0812542941521a4398ac2f45b932c816 av_one_full  avia-builder-el-8  avia-builder-el-no-sibling  first flex_column_div  '     ><style type=\"text\/css\" data-created_by=\"avia_inline_auto\" id=\"style-css-av-lfz3wxv3-10e070a2de7f75eab423d1829f7961b2\">\n#top .av_textblock_section.av-lfz3wxv3-10e070a2de7f75eab423d1829f7961b2 .avia_textblock{\nfont-size:14px;\ncolor:#000000;\n}\n<\/style>\n<section  class='av_textblock_section av-lfz3wxv3-10e070a2de7f75eab423d1829f7961b2 '   itemscope=\"itemscope\" itemtype=\"https:\/\/schema.org\/CreativeWork\" ><div class='avia_textblock av_inherit_color'  itemprop=\"text\" ><h2><\/h2>\n<h4><span style=\"color: #3db2ac;\"><strong>Como funciona!<\/strong><\/span><\/h4>\n<p><img loading=\"lazy\" decoding=\"async\" class=\"alignnone size-full wp-image-8398\" src=\"https:\/\/boring-leavitt.34-215-183-242.plesk.page\/wp-content\/uploads\/2023\/12\/line_title.png\" alt=\"\" width=\"60\" height=\"9\" \/><\/p>\n<p>Avalia\u00e7\u00e3o inicial da viabilidade e relev\u00e2ncia da transfer\u00eancia de risco para uma c\u00e9lula cativa. Relat\u00f3rio abrangente incluindo proje\u00e7\u00f5es financeiras, an\u00e1lises atuariais e requisitos de solv\u00eancia para definir a melhor estrat\u00e9gia financeira para cada projeto.<\/p>\n<p>Esta fase inclui o estabelecimento de um plano de neg\u00f3cios completo e a apresenta\u00e7\u00e3o do projecto \u00e0 autoridade supervisora local (MFSA) para autoriza\u00e7\u00e3o.<\/p>\n<p>Uma vez criada a c\u00e9lula, os aspectos t\u00e9cnicos, cont\u00e1beis, financeiros e jur\u00eddicos s\u00e3o gerenciados conforme contrato acordado.<\/p>\n<\/div><\/section><br \/>\n\n<style type=\"text\/css\" data-created_by=\"avia_inline_auto\" id=\"style-css-av-lq3u40a7-cb39a4f78d566ec29b2b69c897e650b6\">\n#top .hr.hr-invisible.av-lq3u40a7-cb39a4f78d566ec29b2b69c897e650b6{\nheight:30px;\n}\n<\/style>\n<div  class='hr av-lq3u40a7-cb39a4f78d566ec29b2b69c897e650b6 hr-invisible  avia-builder-el-10  el_after_av_textblock  el_before_av_image '><span class='hr-inner '><span class=\"hr-inner-style\"><\/span><\/span><\/div><br \/>\n<br \/>\n\n<style type=\"text\/css\" data-created_by=\"avia_inline_auto\" id=\"style-css-av-3ns3wi-60d09c090c9cce71a31a325da3f06210\">\n#top .hr.hr-invisible.av-3ns3wi-60d09c090c9cce71a31a325da3f06210{\nheight:30px;\n}\n<\/style>\n<div  class='hr av-3ns3wi-60d09c090c9cce71a31a325da3f06210 hr-invisible  avia-builder-el-12  el_after_av_image  el_before_av_textblock '><span class='hr-inner '><span class=\"hr-inner-style\"><\/span><\/span><\/div><br \/>\n\n<style type=\"text\/css\" data-created_by=\"avia_inline_auto\" id=\"style-css-av-lpz8c2qv-f70f8582470100e2281bbe895f73f5f6\">\n#top .av_textblock_section.av-lpz8c2qv-f70f8582470100e2281bbe895f73f5f6 .avia_textblock{\nfont-size:14px;\ncolor:#000000;\n}\n<\/style>\n<section  class='av_textblock_section av-lpz8c2qv-f70f8582470100e2281bbe895f73f5f6 '   itemscope=\"itemscope\" itemtype=\"https:\/\/schema.org\/CreativeWork\" ><div class='avia_textblock av_inherit_color'  itemprop=\"text\" ><h2><\/h2>\n<h4><span style=\"color: #008d86;\">Solu\u00e7\u00f5es de financiamento de risco sustent\u00e1vel<\/span><\/h4>\n<p><img loading=\"lazy\" decoding=\"async\" class=\"alignnone size-full wp-image-8398\" src=\"https:\/\/boring-leavitt.34-215-183-242.plesk.page\/wp-content\/uploads\/2023\/12\/line_title.png\" alt=\"\" width=\"60\" height=\"9\" \/><\/p>\n<p style=\"text-align: left;\">Uma Protected Cell Company (PCC) \u00e9 uma solu\u00e7\u00e3o sustent\u00e1vel de financiamento de risco porque:<\/p>\n<ul>\n<li style=\"text-align: left;\">Pode reduzir o custo geral do risco;<\/li>\n<li style=\"text-align: left;\">Estabiliza seu programa de seguro ao longo do tempo;<\/li>\n<li style=\"text-align: left;\">\u00c9 um ve\u00edculo de reten\u00e7\u00e3o adequado aos seus riscos especiais;<\/li>\n<li style=\"text-align: left;\">Voc\u00ea pode segurar riscos que normalmente seriam dif\u00edceis de segurar;<\/li>\n<li style=\"text-align: left;\">Todas as c\u00e9lulas cativas s\u00e3o independentes \u2013 voc\u00ea \u00e9 respons\u00e1vel apenas pelos seus pr\u00f3prios riscos;<\/li>\n<li style=\"text-align: left;\">Voc\u00ea pode ter uma c\u00e9lula cativa para apenas um risco estrat\u00e9gico, se isso atender \u00e0s suas necessidades, ou pode concentrar todos os seus riscos em uma c\u00e9lula;<\/li>\n<li style=\"text-align: left;\">Voc\u00ea n\u00e3o precisa dedicar muito capital fixo a isso;<\/li>\n<li style=\"text-align: left;\">Voc\u00ea pode transformar um risco em vantagem comercial;<\/li>\n<li style=\"text-align: left;\">\u00c9 f\u00e1cil sair.<\/li>\n<\/ul>\n<\/div><\/section><br \/>\n\n<style type=\"text\/css\" data-created_by=\"avia_inline_auto\" id=\"style-css-av-2to7ua-3c0143a2070a3135a7b7d519238d7144\">\n#top .hr.hr-invisible.av-2to7ua-3c0143a2070a3135a7b7d519238d7144{\nheight:30px;\n}\n<\/style>\n<div  class='hr av-2to7ua-3c0143a2070a3135a7b7d519238d7144 hr-invisible  avia-builder-el-14  el_after_av_textblock  el_before_av_textblock '><span class='hr-inner '><span class=\"hr-inner-style\"><\/span><\/span><\/div><br \/>\n\n<style type=\"text\/css\" data-created_by=\"avia_inline_auto\" id=\"style-css-av-lpz983kp-8492bb852536572ee8192e0f0ea79b66\">\n#top .av_textblock_section.av-lpz983kp-8492bb852536572ee8192e0f0ea79b66 .avia_textblock{\nfont-size:14px;\ncolor:#000000;\n}\n<\/style>\n<section  class='av_textblock_section av-lpz983kp-8492bb852536572ee8192e0f0ea79b66 '   itemscope=\"itemscope\" itemtype=\"https:\/\/schema.org\/CreativeWork\" ><div class='avia_textblock av_inherit_color'  itemprop=\"text\" ><h2><\/h2>\n<h4><span style=\"color: #3db2ac;\"><strong>INFORMA\u00c7\u00c3O LEGAL<\/strong><\/span><\/h4>\n<p><img loading=\"lazy\" decoding=\"async\" class=\"alignnone size-full wp-image-8398\" src=\"https:\/\/boring-leavitt.34-215-183-242.plesk.page\/wp-content\/uploads\/2023\/12\/line_title.png\" alt=\"\" width=\"60\" height=\"9\" \/><\/p>\n<\/div><\/section><br \/>\n<div  class='avia-buttonrow-wrap av-lsm4zdov-1ec38e9811050355805c8bee473c6a54 avia-buttonrow-left  avia-builder-el-16  el_after_av_textblock  avia-builder-el-last '>\n\n<style type=\"text\/css\" data-created_by=\"avia_inline_auto\" id=\"style-css-av-av_buttonrow_item-5a9caafde4b73ad81007a54a223e4741\">\n#top #wrap_all .avia-button.av-av_buttonrow_item-5a9caafde4b73ad81007a54a223e4741{\nbackground-color:#d9d9d9;\nborder-color:#d9d9d9;\ncolor:#008d86;\ntransition:all 0.4s ease-in-out;\nmargin-bottom:5px;\nmargin-right:5px;\n}\n#top #wrap_all .avia-button.av-av_buttonrow_item-5a9caafde4b73ad81007a54a223e4741 .avia-svg-icon svg:first-child{\nfill:#008d86;\nstroke:#008d86;\n}\n<\/style>\n<a href='https:\/\/boring-leavitt.34-215-183-242.plesk.page\/wp-content\/uploads\/2024\/01\/HPL-Privacy-Notice-PT-v1.2-2019.09.01.pdf'  class='avia-button av-av_buttonrow_item-5a9caafde4b73ad81007a54a223e4741 avia-icon_select-no avia-size-small'  target=\"_blank\"  rel=\"noopener noreferrer\"  aria-label=\"PORTUGU\u00caS\"><span class='avia_iconbox_title' >PORTUGU\u00caS<\/span><\/a>\n\n<style type=\"text\/css\" data-created_by=\"avia_inline_auto\" id=\"style-css-av-lsm4yw4y-c9b735fac40f1b36dd13d25f1f0f4646\">\n#top #wrap_all .avia-button.av-lsm4yw4y-c9b735fac40f1b36dd13d25f1f0f4646{\nbackground-color:#d9d9d9;\nborder-color:#d9d9d9;\ncolor:#008d86;\ntransition:all 0.4s ease-in-out;\nmargin-bottom:5px;\nmargin-right:5px;\n}\n#top #wrap_all .avia-button.av-lsm4yw4y-c9b735fac40f1b36dd13d25f1f0f4646 .avia-svg-icon svg:first-child{\nfill:#008d86;\nstroke:#008d86;\n}\n<\/style>\n<a href='https:\/\/boring-leavitt.34-215-183-242.plesk.page\/wp-content\/uploads\/2024\/01\/Regulamento-da-politica-de-tratamento-HIGHDOME.DOCX_pt-PT_en-US.pdf'  class='avia-button av-lsm4yw4y-c9b735fac40f1b36dd13d25f1f0f4646 avia-icon_select-no avia-size-small'  target=\"_blank\"  rel=\"noopener noreferrer\"  aria-label=\"INGL\u00caS\"><span class='avia_iconbox_title' >INGL\u00caS<\/span><\/a>\n\n<style type=\"text\/css\" data-created_by=\"avia_inline_auto\" id=\"style-css-av-lsm4z50i-eaa69f4e9fa017e2d947470a7d996062\">\n#top #wrap_all .avia-button.av-lsm4z50i-eaa69f4e9fa017e2d947470a7d996062{\nbackground-color:#d9d9d9;\nborder-color:#d9d9d9;\ncolor:#008d86;\ntransition:all 0.4s ease-in-out;\nmargin-bottom:5px;\nmargin-right:5px;\n}\n#top #wrap_all .avia-button.av-lsm4z50i-eaa69f4e9fa017e2d947470a7d996062 .avia-svg-icon svg:first-child{\nfill:#008d86;\nstroke:#008d86;\n}\n<\/style>\n<a href='https:\/\/boring-leavitt.34-215-183-242.plesk.page\/wp-content\/uploads\/2024\/01\/HPL-Privacy-Notice-FR-v1.2-2019.09.01.pdf'  class='avia-button av-lsm4z50i-eaa69f4e9fa017e2d947470a7d996062 avia-icon_select-no avia-size-small'  target=\"_blank\"  rel=\"noopener noreferrer\"  aria-label=\"FRANC\u00caS\"><span class='avia_iconbox_title' >FRANC\u00caS<\/span><\/a>\n\n<style type=\"text\/css\" data-created_by=\"avia_inline_auto\" id=\"style-css-av-lsm4zcgj-98421818fc42b44e3156e0a13d17c054\">\n#top #wrap_all .avia-button.av-lsm4zcgj-98421818fc42b44e3156e0a13d17c054{\nbackground-color:#d9d9d9;\nborder-color:#d9d9d9;\ncolor:#008d86;\ntransition:all 0.4s ease-in-out;\nmargin-bottom:5px;\nmargin-right:5px;\n}\n#top #wrap_all .avia-button.av-lsm4zcgj-98421818fc42b44e3156e0a13d17c054 .avia-svg-icon svg:first-child{\nfill:#008d86;\nstroke:#008d86;\n}\n<\/style>\n<a href='https:\/\/boring-leavitt.34-215-183-242.plesk.page\/wp-content\/uploads\/2024\/01\/HPL-Privacy-Notice-ES-v1.2-2019.09.01.pdf'  class='avia-button av-lsm4zcgj-98421818fc42b44e3156e0a13d17c054 avia-icon_select-no avia-size-small'  target=\"_blank\"  rel=\"noopener noreferrer\"  aria-label=\"ESPANHOL\"><span class='avia_iconbox_title' >ESPANHOL<\/span><\/a>\n<\/div><\/p><\/div>\n<\/div><\/div><\/div>\n","protected":false},"excerpt":{"rendered":"","protected":false},"author":1,"featured_media":0,"parent":0,"menu_order":0,"comment_status":"open","ping_status":"closed","template":"","meta":{"content-type":"","om_disable_all_campaigns":false,"_monsterinsights_skip_tracking":false,"_monsterinsights_sitenote_active":false,"_monsterinsights_sitenote_note":"","_monsterinsights_sitenote_category":0,"_uf_show_specific_survey":0,"_uf_disable_surveys":false,"_vp_format_video_url":"","_vp_image_focal_point":[],"footnotes":""},"class_list":["post-1122","page","type-page","status-publish","hentry"],"aioseo_notices":[],"_links":{"self":[{"href":"https:\/\/boring-leavitt.34-215-183-242.plesk.page\/pt-br\/wp-json\/wp\/v2\/pages\/1122","targetHints":{"allow":["GET"]}}],"collection":[{"href":"https:\/\/boring-leavitt.34-215-183-242.plesk.page\/pt-br\/wp-json\/wp\/v2\/pages"}],"about":[{"href":"https:\/\/boring-leavitt.34-215-183-242.plesk.page\/pt-br\/wp-json\/wp\/v2\/types\/page"}],"author":[{"embeddable":true,"href":"https:\/\/boring-leavitt.34-215-183-242.plesk.page\/pt-br\/wp-json\/wp\/v2\/users\/1"}],"replies":[{"embeddable":true,"href":"https:\/\/boring-leavitt.34-215-183-242.plesk.page\/pt-br\/wp-json\/wp\/v2\/comments?post=1122"}],"version-history":[{"count":115,"href":"https:\/\/boring-leavitt.34-215-183-242.plesk.page\/pt-br\/wp-json\/wp\/v2\/pages\/1122\/revisions"}],"predecessor-version":[{"id":9801,"href":"https:\/\/boring-leavitt.34-215-183-242.plesk.page\/pt-br\/wp-json\/wp\/v2\/pages\/1122\/revisions\/9801"}],"wp:attachment":[{"href":"https:\/\/boring-leavitt.34-215-183-242.plesk.page\/pt-br\/wp-json\/wp\/v2\/media?parent=1122"}],"curies":[{"name":"wp","href":"https:\/\/api.w.org\/{rel}","templated":true}]}}