{"id":9011,"date":"2023-09-10T09:20:06","date_gmt":"2023-09-10T12:20:06","guid":{"rendered":"https:\/\/boring-leavitt.34-215-183-242.plesk.page\/obrigado\/"},"modified":"2024-01-27T04:41:56","modified_gmt":"2024-01-27T07:41:56","slug":"obrigado","status":"publish","type":"page","link":"https:\/\/boring-leavitt.34-215-183-242.plesk.page\/en\/obrigado\/","title":{"rendered":"Obrigado"},"content":{"rendered":"\n<style type=\"text\/css\" data-created_by=\"avia_inline_auto\" id=\"style-css-av-lfz9r48s-222c40297739e2624ea72b1a0586b2b5\">\n.avia-section.av-lfz9r48s-222c40297739e2624ea72b1a0586b2b5 .av-section-color-overlay{\nopacity:0.6;\nbackground-color:#000000;\n}\n<\/style>\n<div id='av_section_1'  class='avia-section av-lfz9r48s-222c40297739e2624ea72b1a0586b2b5 main_color avia-section-default avia-no-border-styling  avia-builder-el-0  el_before_av_section  avia-builder-el-first  avia-bg-style-scroll av-section-color-overlay-active container_wrap sidebar_right'  ><div class=\"av-section-color-overlay-wrap\"><div class=\"av-section-color-overlay\"><\/div><div class='container av-section-cont-open' ><main  role=\"main\" itemprop=\"mainContentOfPage\"  class='template-page content  av-content-small alpha units'><div class='post-entry post-entry-type-page post-entry-9011'><div class='entry-content-wrapper clearfix'>\n<div class='flex_column_table av-lfz9n5ol-a71f6aa79accb3be3b94ea0515b6e1dc sc-av_one_full av-equal-height-column-flextable'><div  class='flex_column av-lfz9n5ol-a71f6aa79accb3be3b94ea0515b6e1dc av_one_full  avia-builder-el-1  avia-builder-el-no-sibling  first flex_column_table_cell av-equal-height-column av-align-top avia-full-stretch  '     ><p>\n<style type=\"text\/css\" data-created_by=\"avia_inline_auto\" id=\"style-css-av-lfz9sskf-57b028e42d87182023b167b66b898559\">\n#top .hr.hr-invisible.av-lfz9sskf-57b028e42d87182023b167b66b898559{\nheight:50px;\n}\n<\/style>\n<div  class='hr av-lfz9sskf-57b028e42d87182023b167b66b898559 hr-invisible  avia-builder-el-2  el_before_av_heading  avia-builder-el-first '><span class='hr-inner '><span class=\"hr-inner-style\"><\/span><\/span><\/div><br \/>\n\n<style type=\"text\/css\" data-created_by=\"avia_inline_auto\" id=\"style-css-av-lfz9ohcj-b827191682b45623345994673c53a38c\">\n#top .av-special-heading.av-lfz9ohcj-b827191682b45623345994673c53a38c{\npadding-bottom:10px;\ncolor:#ffffff;\n}\nbody .av-special-heading.av-lfz9ohcj-b827191682b45623345994673c53a38c .av-special-heading-tag .heading-char{\nfont-size:25px;\n}\n.av-special-heading.av-lfz9ohcj-b827191682b45623345994673c53a38c .special-heading-inner-border{\nborder-color:#ffffff;\n}\n.av-special-heading.av-lfz9ohcj-b827191682b45623345994673c53a38c .av-subheading{\nfont-size:15px;\n}\nbody .av-special-heading.av-lfz9ohcj-b827191682b45623345994673c53a38c .av-special-heading-tag .heading-wrap:before{\nborder-color:#ffffff;\n}\nbody .av-special-heading.av-lfz9ohcj-b827191682b45623345994673c53a38c .av-special-heading-tag .heading-wrap:after{\nborder-color:#ffffff;\n}\n<\/style>\n<div  class='av-special-heading av-lfz9ohcj-b827191682b45623345994673c53a38c av-special-heading-h3 custom-color-heading blockquote elegant-quote elegant-centered  avia-builder-el-3  el_after_av_hr  el_before_av_hr '><h3 class='av-special-heading-tag '  itemprop=\"headline\"  ><span class=\"heading-wrap\">Contato Comercial<\/span><\/h3><div class=\"special-heading-border\"><div class=\"special-heading-inner-border\"><\/div><\/div><\/div><br \/>\n\n<style type=\"text\/css\" data-created_by=\"avia_inline_auto\" id=\"style-css-av-itvih-69b11bb1a9550f7708bdf265b901d0fd\">\n#top .hr.hr-invisible.av-itvih-69b11bb1a9550f7708bdf265b901d0fd{\nheight:50px;\n}\n<\/style>\n<div  class='hr av-itvih-69b11bb1a9550f7708bdf265b901d0fd hr-invisible  avia-builder-el-4  el_after_av_heading  el_before_av_hr '><span class='hr-inner '><span class=\"hr-inner-style\"><\/span><\/span><\/div><br \/>\n\n<style type=\"text\/css\" data-created_by=\"avia_inline_auto\" id=\"style-css-av-1bjdt-d0086028bf6604cd0953080de936d332\">\n#top .hr.hr-invisible.av-1bjdt-d0086028bf6604cd0953080de936d332{\nheight:50px;\n}\n<\/style>\n<div  class='hr av-1bjdt-d0086028bf6604cd0953080de936d332 hr-invisible  avia-builder-el-5  el_after_av_hr  el_before_av_hr '><span class='hr-inner '><span class=\"hr-inner-style\"><\/span><\/span><\/div><br \/>\n\n<style type=\"text\/css\" data-created_by=\"avia_inline_auto\" id=\"style-css-av-93nhl-046a46c67d61bdcef72e9e75f37af623\">\n#top .hr.hr-invisible.av-93nhl-046a46c67d61bdcef72e9e75f37af623{\nheight:50px;\n}\n<\/style>\n<div  class='hr av-93nhl-046a46c67d61bdcef72e9e75f37af623 hr-invisible  avia-builder-el-6  el_after_av_hr  avia-builder-el-last '><span class='hr-inner '><span class=\"hr-inner-style\"><\/span><\/span><\/div><\/p><\/div><\/div><!--close column table wrapper. Autoclose: 1 -->\n\n<\/div><\/div><\/main><!-- close content main element --><\/div><\/div><\/div>\n<style type=\"text\/css\" data-created_by=\"avia_inline_auto\" id=\"style-css-av-35spg1-3faab06b2b142a232a37e1977bf773a1\">\n.avia-section.av-35spg1-3faab06b2b142a232a37e1977bf773a1{\nmargin-top:20px;\nmargin-bottom:20px;\n}\n<\/style>\n<div id='av_section_2'  class='avia-section av-35spg1-3faab06b2b142a232a37e1977bf773a1 main_color avia-section-small avia-no-shadow  avia-builder-el-7  el_after_av_section  el_before_av_section  avia-bg-style-fixed container_wrap sidebar_right'  ><div class='container av-section-cont-open' ><div class='template-page content  av-content-small alpha units'><div class='post-entry post-entry-type-page post-entry-9011'><div class='entry-content-wrapper clearfix'>\n<div  class='flex_column av-9u8a1-7a8fa688cd20ca3584c0d2633e7a4f7d av_one_full  avia-builder-el-8  avia-builder-el-no-sibling  first flex_column_div  '     ><style type=\"text\/css\" data-created_by=\"avia_inline_auto\" id=\"style-css-av-lfuvsbyq-74efa01e568f693b1e5085b55e704328\">\n#top .av_textblock_section.av-lfuvsbyq-74efa01e568f693b1e5085b55e704328 .avia_textblock{\ntext-align:justify;\n}\n<\/style>\n<section  class='av_textblock_section av-lfuvsbyq-74efa01e568f693b1e5085b55e704328 '   itemscope=\"itemscope\" itemtype=\"https:\/\/schema.org\/CreativeWork\" ><div class='avia_textblock'  itemprop=\"text\" ><h4><span class=\"TextRun SCXW108388730 BCX0\" lang=\"PT-BR\" xml:lang=\"PT-BR\" data-contrast=\"none\"><span class=\"NormalTextRun SCXW108388730 BCX0\">Ficou interessado em nossos servi\u00e7os?<\/span><\/span><\/h4>\n<p><span style=\"color: #000000;\"><span class=\"TextRun SCXW179528125 BCX0\" lang=\"PT-BR\" xml:lang=\"PT-BR\" data-contrast=\"none\"><span class=\"NormalTextRun SCXW179528125 BCX0\">Preencha o formul\u00e1rio abaixo para solicitar uma proposta de servi\u00e7o da <strong>RCG <\/strong><\/span><strong><span class=\"NormalTextRun SpellingErrorV2Themed SCXW179528125 BCX0\">Powered<\/span> <span class=\"NormalTextRun SpellingErrorV2Themed SCXW179528125 BCX0\">by<\/span> <span class=\"NormalTextRun SpellingErrorV2Themed SCXW179528125 BCX0\">Herco<\/span><\/strong><span class=\"NormalTextRun SCXW179528125 BCX0\">. Nossos especialistas entrar\u00e3o em contato com voc\u00ea o mais breve poss\u00edvel.<\/span><\/span><span class=\"EOP SCXW179528125 BCX0\" data-ccp-props=\"{\">\u00a0<\/span><\/span><\/p>\n<\/div><\/section><br \/>\n\n<style type=\"text\/css\" data-created_by=\"avia_inline_auto\" id=\"style-css-av-lfza4nz5-e497b7b58f3760f25ef652ebd0eac7e2\">\n#top .hr.hr-invisible.av-lfza4nz5-e497b7b58f3760f25ef652ebd0eac7e2{\nheight:20px;\n}\n<\/style>\n<div  class='hr av-lfza4nz5-e497b7b58f3760f25ef652ebd0eac7e2 hr-invisible  avia-builder-el-10  el_after_av_textblock  el_before_av_textblock '><span class='hr-inner '><span class=\"hr-inner-style\"><\/span><\/span><\/div><br \/>\n\n<style type=\"text\/css\" data-created_by=\"avia_inline_auto\" id=\"style-css-av-lmdf96um-76cac31cf4852efec47a41fa5fd7b7c1\">\n#top .av_textblock_section.av-lmdf96um-76cac31cf4852efec47a41fa5fd7b7c1 .avia_textblock{\ntext-align:justify;\n}\n<\/style>\n<section  class='av_textblock_section av-lmdf96um-76cac31cf4852efec47a41fa5fd7b7c1 '   itemscope=\"itemscope\" itemtype=\"https:\/\/schema.org\/CreativeWork\" ><div class='avia_textblock'  itemprop=\"text\" ><h4><span class=\"TextRun SCXW108388730 BCX0\" lang=\"PT-BR\" xml:lang=\"PT-BR\" data-contrast=\"none\"><span class=\"NormalTextRun SCXW108388730 BCX0\">Seu formul\u00e1rio foi enviado com sucesso!<\/span><\/span><\/h4>\n<p><span style=\"color: #000000;\"><span class=\"TextRun SCXW179528125 BCX0\" lang=\"PT-BR\" xml:lang=\"PT-BR\" data-contrast=\"none\"><span class=\"NormalTextRun SCXW179528125 BCX0\">Em breve um representante da <strong>RCG <\/strong><\/span><strong><span class=\"NormalTextRun SpellingErrorV2Themed SCXW179528125 BCX0\">Powered<\/span> <span class=\"NormalTextRun SpellingErrorV2Themed SCXW179528125 BCX0\">by<\/span> <span class=\"NormalTextRun SpellingErrorV2Themed SCXW179528125 BCX0\">Herco <\/span><\/strong><span class=\"NormalTextRun SCXW179528125 BCX0\">entrar\u00e1 em contato com voc\u00ea.<\/span><\/span><span class=\"EOP SCXW179528125 BCX0\" data-ccp-props=\"{\">\u00a0<\/span><\/span><\/p>\n<\/div><\/section><\/p><\/div>\n\n<\/div><\/div><\/div><!-- close content main div --><\/div><\/div>\n<style type=\"text\/css\" data-created_by=\"avia_inline_auto\" id=\"style-css-av-1jmjs9-68a350a6c165cfd2450eac5c4a6bd164\">\n.avia-section.av-1jmjs9-68a350a6c165cfd2450eac5c4a6bd164 .av-section-color-overlay{\nopacity:0.6;\nbackground-color:#000000;\n}\n<\/style>\n<div id='av_section_3'  class='avia-section av-1jmjs9-68a350a6c165cfd2450eac5c4a6bd164 main_color avia-section-default avia-no-border-styling  avia-builder-el-12  el_after_av_section  avia-builder-el-last  avia-bg-style-scroll av-section-color-overlay-active container_wrap sidebar_right'  ><div class=\"av-section-color-overlay-wrap\"><div class=\"av-section-color-overlay\"><\/div><div class='container av-section-cont-open' ><div class='template-page content  av-content-small alpha units'><div class='post-entry post-entry-type-page post-entry-9011'><div class='entry-content-wrapper clearfix'>\n<div  class='flex_column av-1dyv81-83ee0a20bb0abf0d39b5bfa2215a072f av_one_full  avia-builder-el-13  avia-builder-el-no-sibling  first flex_column_div  '     ><p>\n<style type=\"text\/css\" data-created_by=\"avia_inline_auto\" id=\"style-css-av-16k0qp-80fb8d975ebf66afa32d1e45aa2e17a8\">\n#top .av-special-heading.av-16k0qp-80fb8d975ebf66afa32d1e45aa2e17a8{\nmargin:10px 10px 10px 10px;\npadding-bottom:10px;\ncolor:#ffffff;\n}\nbody .av-special-heading.av-16k0qp-80fb8d975ebf66afa32d1e45aa2e17a8 .av-special-heading-tag .heading-char{\nfont-size:25px;\n}\n#top #wrap_all .av-special-heading.av-16k0qp-80fb8d975ebf66afa32d1e45aa2e17a8 .av-special-heading-tag{\npadding:5px 5px 5px 5px;\n}\n.av-special-heading.av-16k0qp-80fb8d975ebf66afa32d1e45aa2e17a8 .special-heading-inner-border{\nborder-color:#ffffff;\n}\n.av-special-heading.av-16k0qp-80fb8d975ebf66afa32d1e45aa2e17a8 .av-subheading{\nfont-size:15px;\n}\nbody .av-special-heading.av-16k0qp-80fb8d975ebf66afa32d1e45aa2e17a8 .av-special-heading-tag .heading-wrap:before{\nborder-color:#ffffff;\n}\nbody .av-special-heading.av-16k0qp-80fb8d975ebf66afa32d1e45aa2e17a8 .av-special-heading-tag .heading-wrap:after{\nborder-color:#ffffff;\n}\n<\/style>\n<div  class='av-special-heading av-16k0qp-80fb8d975ebf66afa32d1e45aa2e17a8 av-special-heading-h3 custom-color-heading blockquote elegant-quote elegant-centered  avia-builder-el-14  el_before_av_slideshow_accordion  avia-builder-el-no-sibling '><h3 class='av-special-heading-tag '  itemprop=\"headline\"  ><span class=\"heading-wrap\">Nossas Unidades<\/span><\/h3><div class=\"special-heading-border\"><div class=\"special-heading-inner-border\"><\/div><\/div><\/div><br \/>\n\n<style type=\"text\/css\" data-created_by=\"avia_inline_auto\" id=\"style-css-av-lixzapew-06f55e0afb8a516a7b69f4689a56f519\">\n.avia-accordion.av-lixzapew-06f55e0afb8a516a7b69f4689a56f519{\nmax-height:430px;\n}\n.avia-accordion.av-lixzapew-06f55e0afb8a516a7b69f4689a56f519 .aviaccordion-preview{\nwidth:20.1%;\n}\n.avia-accordion .aviaccordion-slide.av-lixzapew-06f55e0afb8a516a7b69f4689a56f519__0{\nleft:0%;\n}\n.avia-accordion .aviaccordion-slide.av-lixzapew-06f55e0afb8a516a7b69f4689a56f519__1{\nleft:20%;\n}\n.avia-accordion .aviaccordion-slide.av-lixzapew-06f55e0afb8a516a7b69f4689a56f519__2{\nleft:40%;\n}\n.avia-accordion .aviaccordion-slide.av-lixzapew-06f55e0afb8a516a7b69f4689a56f519__3{\nleft:60%;\n}\n.avia-accordion .aviaccordion-slide.av-lixzapew-06f55e0afb8a516a7b69f4689a56f519__4{\nleft:80%;\n}\n<\/style>\n<div  id=\"accordion_slider_1\"  class='aviaccordion avia-accordion av-lixzapew-06f55e0afb8a516a7b69f4689a56f519 aviaccordion-title-active av-slideshow-manual av-loop-once ' data-slideshow-options=\"{&quot;interval&quot;:5,&quot;autoplay&quot;:false,&quot;loop_autoplay&quot;:&quot;once&quot;}\"  itemscope=\"itemscope\" itemtype=\"https:\/\/schema.org\/Blog\" ><ul class=\"aviaccordion-inner\"><li class='aviaccordion-slide av-lixzapew-06f55e0afb8a516a7b69f4689a56f519__0 aviaccordion-slide-1' data-av-left='0'  itemscope=\"itemscope\" itemtype=\"https:\/\/schema.org\/CreativeWork\" ><a class='aviaccordion-slide-link noHover' href=\"\"  title=\"Blumenau,-,Santa,Catarina,-,Brazil,-,September,01,2022\" ><div class='aviaccordion-preview '><div class=\"aviaccordion-preview-title-pos\"><div class=\"aviaccordion-preview-title-wrap\"><div class=\"aviaccordion-preview-title\"><h3 class='aviaccordion-title '  itemprop=\"headline\" >Blumenau \u2013 SC<\/h3><div class='aviaccordion-excerpt'  itemprop=\"text\" ><p>\nRua Dr. L\u00e9o de Carvalho, 74 \u2013 25\u00ba andar \u2013 Velha, Blumenau\u2013<br \/>\n+55 (47) 3221-7015   |  rcg@boring-leavitt.34-215-183-242.plesk.page<\/p>\n<\/div><\/div><\/div><\/div><\/div><\/a><\/li><li class='aviaccordion-slide av-lixzapew-06f55e0afb8a516a7b69f4689a56f519__1 aviaccordion-slide-2' data-av-left='20'  itemscope=\"itemscope\" itemtype=\"https:\/\/schema.org\/CreativeWork\" ><a class='aviaccordion-slide-link noHover' href=\"\"  title=\"o-que-fazer-em-sao-paulo-capa2019-01-820&#215;430\" ><div class='aviaccordion-preview '><div class=\"aviaccordion-preview-title-pos\"><div class=\"aviaccordion-preview-title-wrap\"><div class=\"aviaccordion-preview-title\"><h3 class='aviaccordion-title '  itemprop=\"headline\" >S\u00e3o Paulo \u2013 SP<\/h3><div class='aviaccordion-excerpt'  itemprop=\"text\" ><p>\nAv. Dra. Ruth Cardoso, 8501 \u2013 29\u00ba andar CEP: 05425-070<br \/>\n+55 (11) 98948-5770 | +55 (11) 97559-4441 | rcg@boring-leavitt.34-215-183-242.plesk.page<\/p>\n<\/div><\/div><\/div><\/div><\/div><\/a><\/li><li class='aviaccordion-slide av-lixzapew-06f55e0afb8a516a7b69f4689a56f519__2 aviaccordion-slide-3' data-av-left='40'  itemscope=\"itemscope\" itemtype=\"https:\/\/schema.org\/CreativeWork\" ><a class='aviaccordion-slide-link noHover' href=\"\"  title=\"Carrossel Porto\" ><div class='aviaccordion-preview '><div class=\"aviaccordion-preview-title-pos\"><div class=\"aviaccordion-preview-title-wrap\"><div class=\"aviaccordion-preview-title\"><h3 class='aviaccordion-title '  itemprop=\"headline\" >Porto \u2013 Portugal<\/h3><div class='aviaccordion-excerpt'  itemprop=\"text\" ><p>\nAv. Boavista, 1277\/81 \u2013 2\u00ba andar \u2013 4100-130 \u2013<br \/>\n+351 226 082 410   |   +351 226 082 461<\/p>\n<\/div><\/div><\/div><\/div><\/div><\/a><\/li><li class='aviaccordion-slide av-lixzapew-06f55e0afb8a516a7b69f4689a56f519__3 aviaccordion-slide-4' data-av-left='60'  itemscope=\"itemscope\" itemtype=\"https:\/\/schema.org\/CreativeWork\" ><a class='aviaccordion-slide-link noHover' href=\"\"  title=\"Lisbon,,Portugal,Cityscape,In,The,New,Financial,District.\" ><div class='aviaccordion-preview '><div class=\"aviaccordion-preview-title-pos\"><div class=\"aviaccordion-preview-title-wrap\"><div class=\"aviaccordion-preview-title\"><h3 class='aviaccordion-title '  itemprop=\"headline\" >Lisboa \u2013 Portugal<\/h3><div class='aviaccordion-excerpt'  itemprop=\"text\" ><p>\nPra\u00e7a Marques de Pombal, 3A \u2013 4\u00ba andar \u2013 1250-161 \u2013<br \/>\n+351 210 108 100   |   +351 210 108 100<\/p>\n<\/div><\/div><\/div><\/div><\/div><\/a><\/li><li class='aviaccordion-slide av-lixzapew-06f55e0afb8a516a7b69f4689a56f519__4 aviaccordion-slide-5' data-av-left='80'  itemscope=\"itemscope\" itemtype=\"https:\/\/schema.org\/CreativeWork\" ><a class='aviaccordion-slide-link noHover' href=\"\"  title=\"US_Dallas_US_Header\" ><div class='aviaccordion-preview '><div class=\"aviaccordion-preview-title-pos\"><div class=\"aviaccordion-preview-title-wrap\"><div class=\"aviaccordion-preview-title\"><h3 class='aviaccordion-title '  itemprop=\"headline\" >Dallas \u2013 Texas \u2013 USA<\/h3><div class='aviaccordion-excerpt'  itemprop=\"text\" ><p>\n6860 North Dallas Parkway<br \/>\nSuite 200 Plano &#8211; 75024-4242<br \/>\n+1 (713) 302-8875   |  rcg@boring-leavitt.34-215-183-242.plesk.page<\/p>\n<\/div><\/div><\/div><\/div><\/div><\/a><\/li><\/ul><div class='aviaccordion-spacer' style='padding-bottom:28.666666666667%'><\/div><\/div><br \/>\n<br \/>\n\n<style type=\"text\/css\" data-created_by=\"avia_inline_auto\" id=\"style-css-av-lhl9ife9-2cf105f8bc7691eb9456bf8d45d10bef\">\n.avia-accordion.av-lhl9ife9-2cf105f8bc7691eb9456bf8d45d10bef{\nmax-height:430px;\n}\n.avia-accordion.av-lhl9ife9-2cf105f8bc7691eb9456bf8d45d10bef .aviaccordion-preview{\nwidth:20.1%;\n}\n#top .avia-accordion.av-lhl9ife9-2cf105f8bc7691eb9456bf8d45d10bef .aviaccordion-title{\nfont-size:14px;\ncolor:#ffffff;\n}\n#top .avia-accordion.av-lhl9ife9-2cf105f8bc7691eb9456bf8d45d10bef .aviaccordion-excerpt{\nfont-size:10px;\n}\n.avia-accordion .aviaccordion-slide.av-lhl9ife9-2cf105f8bc7691eb9456bf8d45d10bef__0{\nleft:0%;\n}\n.avia-accordion .aviaccordion-slide.av-lhl9ife9-2cf105f8bc7691eb9456bf8d45d10bef__1{\nleft:20%;\n}\n.avia-accordion .aviaccordion-slide.av-lhl9ife9-2cf105f8bc7691eb9456bf8d45d10bef__2{\nleft:40%;\n}\n.avia-accordion .aviaccordion-slide.av-lhl9ife9-2cf105f8bc7691eb9456bf8d45d10bef__3{\nleft:60%;\n}\n.avia-accordion .aviaccordion-slide.av-lhl9ife9-2cf105f8bc7691eb9456bf8d45d10bef__4{\nleft:80%;\n}\n<\/style>\n<div  id=\"accordion_slider_2\"  class='aviaccordion avia-accordion av-lhl9ife9-2cf105f8bc7691eb9456bf8d45d10bef aviaccordion-title-active av-slideshow-manual av-loop-once ' data-slideshow-options=\"{&quot;interval&quot;:5,&quot;autoplay&quot;:false,&quot;loop_autoplay&quot;:&quot;once&quot;}\"  itemscope=\"itemscope\" itemtype=\"https:\/\/schema.org\/Blog\" ><ul class=\"aviaccordion-inner\"><li class='aviaccordion-slide av-lhl9ife9-2cf105f8bc7691eb9456bf8d45d10bef__0 aviaccordion-slide-1' data-av-left='0'  itemscope=\"itemscope\" itemtype=\"https:\/\/schema.org\/CreativeWork\" ><a class='aviaccordion-slide-link noHover' href=\"\"  title=\"REVISA\u0303O 2 &#8211; TRANSPORTES\" ><div class='aviaccordion-preview '><div class=\"aviaccordion-preview-title-pos\"><div class=\"aviaccordion-preview-title-wrap\"><div class=\"aviaccordion-preview-title\"><h5 class='aviaccordion-title '  itemprop=\"headline\" >Valleta \u2013 Malta<\/h5><div class='aviaccordion-excerpt'  itemprop=\"text\" ><p>\nAlfred Craig Street, Ta\u2019 Xbiex XBX \u2013 1111<br \/>\nAntonio Negreiros Fernandes \u2013 anfernandes@mdsgroup.com | rcg@boring-leavitt.34-215-183-242.plesk.page<br \/>\n+351 939 802 020<\/p>\n<\/div><\/div><\/div><\/div><\/div><\/a><\/li><li class='aviaccordion-slide av-lhl9ife9-2cf105f8bc7691eb9456bf8d45d10bef__1 aviaccordion-slide-2' data-av-left='20'  itemscope=\"itemscope\" itemtype=\"https:\/\/schema.org\/CreativeWork\" ><a class='aviaccordion-slide-link noHover' href=\"\"  title=\"Luanda\" ><div class='aviaccordion-preview '><div class=\"aviaccordion-preview-title-pos\"><div class=\"aviaccordion-preview-title-wrap\"><div class=\"aviaccordion-preview-title\"><h5 class='aviaccordion-title '  itemprop=\"headline\" >Luanda \u2013 Angola<\/h5><div class='aviaccordion-excerpt'  itemprop=\"text\" ><p>\nAv. de Portugal, Ingombota, Edif\u00edcio Vernon \u2013 n\u00ba18-20, 5\u00ba<br \/>\nJorge Couto Leit\u00e3o \u2013 jorge.leitao@mdsgroup.com |<br \/>\nrcg@boring-leavitt.34-215-183-242.plesk.page<br \/>\n+351 965 233 454<\/p>\n<\/div><\/div><\/div><\/div><\/div><\/a><\/li><li class='aviaccordion-slide av-lhl9ife9-2cf105f8bc7691eb9456bf8d45d10bef__2 aviaccordion-slide-3' data-av-left='40'  itemscope=\"itemscope\" itemtype=\"https:\/\/schema.org\/CreativeWork\" ><a class='aviaccordion-slide-link noHover' href=\"\"  title=\"cidade-do-mexico\" ><div class='aviaccordion-preview '><div class=\"aviaccordion-preview-title-pos\"><div class=\"aviaccordion-preview-title-wrap\"><div class=\"aviaccordion-preview-title\"><h5 class='aviaccordion-title '  itemprop=\"headline\" >Ciudad de M\u00e9xico \u2013 M\u00e9xico <\/h5><div class='aviaccordion-excerpt'  itemprop=\"text\" ><p>\n\u00c1lvaro Obreg\u00f3n, Insurgentes Sur 1898, Piso 12, Oficina 01 La Florida \u2013 01020<br \/>\nArmando Vargas \u2013 armando.vargas@mriskmanagement.com |  rcg@boring-leavitt.34-215-183-242.plesk.page<br \/>\n+52 55 2093 3696<\/p>\n<\/div><\/div><\/div><\/div><\/div><\/a><\/li><li class='aviaccordion-slide av-lhl9ife9-2cf105f8bc7691eb9456bf8d45d10bef__3 aviaccordion-slide-4' data-av-left='60'  itemscope=\"itemscope\" itemtype=\"https:\/\/schema.org\/CreativeWork\" ><a class='aviaccordion-slide-link noHover' href=\"\"  title=\"taipei\" ><div class='aviaccordion-preview '><div class=\"aviaccordion-preview-title-pos\"><div class=\"aviaccordion-preview-title-wrap\"><div class=\"aviaccordion-preview-title\"><h5 class='aviaccordion-title '  itemprop=\"headline\" >New Taipei City (Rep\u00fablica da China) \u2013 Taiwan<\/h5><div class='aviaccordion-excerpt'  itemprop=\"text\" ><p>\nNo24, Ln 69, Guangming Road, Sanxia Dist. New Taipei City \u2013 23742<br \/>\nHuang Chieh \u2013 huang.chieh@boring-leavitt.34-215-183-242.plesk.page | Andr\u00e9 Augusto Pfuetzenreiter \u2013 andre.augusto@boring-leavitt.34-215-183-242.plesk.page | rcg@boring-leavitt.34-215-183-242.plesk.page<br \/>\n+ 55 3221-7017 | +55 47 98406-8904<\/p>\n<\/div><\/div><\/div><\/div><\/div><\/a><\/li><li class='aviaccordion-slide av-lhl9ife9-2cf105f8bc7691eb9456bf8d45d10bef__4 aviaccordion-slide-5' data-av-left='80'  itemscope=\"itemscope\" itemtype=\"https:\/\/schema.org\/CreativeWork\" ><a class='aviaccordion-slide-link noHover' href=\"\"  title=\"Shanghai\" ><div class='aviaccordion-preview '><div class=\"aviaccordion-preview-title-pos\"><div class=\"aviaccordion-preview-title-wrap\"><div class=\"aviaccordion-preview-title\"><h5 class='aviaccordion-title '  itemprop=\"headline\" >Shanghai (Rep\u00fablica Popular da China) \u2013 China<\/h5><div class='aviaccordion-excerpt'  itemprop=\"text\" ><p>\nRoom 507, Science Park, No. 2588 Changyang Road, Yangpu District, Shanghai \u2013 200090<br \/>\nHuang Chieh \u2013 huang.chieh@boring-leavitt.34-215-183-242.plesk.page | Andr\u00e9 Augusto Pfuetzenreiter \u2013 andre.augusto@boring-leavitt.34-215-183-242.plesk.page | rcg@boring-leavitt.34-215-183-242.plesk.page<br \/>\n+ 55 3221-7017 | +55 47 98406-8904<\/p>\n<\/div><\/div><\/div><\/div><\/div><\/a><\/li><\/ul><div class='aviaccordion-spacer' style='padding-bottom:28.666666666667%'><\/div><\/div><\/p><\/div>\n<\/div><\/div><\/div><!-- close content main div --><\/div><\/div><\/div><div id='after_section_3'  class='main_color av_default_container_wrap container_wrap sidebar_right'  ><div class='container av-section-cont-open' ><div class='template-page content  av-content-small alpha units'><div class='post-entry post-entry-type-page post-entry-9011'><div class='entry-content-wrapper clearfix'>\n","protected":false},"excerpt":{"rendered":"","protected":false},"author":1,"featured_media":0,"parent":0,"menu_order":0,"comment_status":"closed","ping_status":"closed","template":"","meta":{"content-type":"","om_disable_all_campaigns":false,"_monsterinsights_skip_tracking":false,"_monsterinsights_sitenote_active":false,"_monsterinsights_sitenote_note":"","_monsterinsights_sitenote_category":0,"_uf_show_specific_survey":0,"_uf_disable_surveys":false,"_vp_format_video_url":"","_vp_image_focal_point":[],"footnotes":""},"class_list":["post-9011","page","type-page","status-publish","hentry"],"aioseo_notices":[],"_links":{"self":[{"href":"https:\/\/boring-leavitt.34-215-183-242.plesk.page\/en\/wp-json\/wp\/v2\/pages\/9011","targetHints":{"allow":["GET"]}}],"collection":[{"href":"https:\/\/boring-leavitt.34-215-183-242.plesk.page\/en\/wp-json\/wp\/v2\/pages"}],"about":[{"href":"https:\/\/boring-leavitt.34-215-183-242.plesk.page\/en\/wp-json\/wp\/v2\/types\/page"}],"author":[{"embeddable":true,"href":"https:\/\/boring-leavitt.34-215-183-242.plesk.page\/en\/wp-json\/wp\/v2\/users\/1"}],"replies":[{"embeddable":true,"href":"https:\/\/boring-leavitt.34-215-183-242.plesk.page\/en\/wp-json\/wp\/v2\/comments?post=9011"}],"version-history":[{"count":1,"href":"https:\/\/boring-leavitt.34-215-183-242.plesk.page\/en\/wp-json\/wp\/v2\/pages\/9011\/revisions"}],"predecessor-version":[{"id":9013,"href":"https:\/\/boring-leavitt.34-215-183-242.plesk.page\/en\/wp-json\/wp\/v2\/pages\/9011\/revisions\/9013"}],"wp:attachment":[{"href":"https:\/\/boring-leavitt.34-215-183-242.plesk.page\/en\/wp-json\/wp\/v2\/media?parent=9011"}],"curies":[{"name":"wp","href":"https:\/\/api.w.org\/{rel}","templated":true}]}}